{"id":1546,"date":"2023-12-27T16:50:51","date_gmt":"2023-12-27T15:50:51","guid":{"rendered":"https:\/\/valdelysavocats.com\/?page_id=1546"},"modified":"2024-01-02T22:30:11","modified_gmt":"2024-01-02T21:30:11","slug":"honoraires","status":"publish","type":"page","link":"https:\/\/valdelysavocats.com\/index.php\/honoraires\/","title":{"rendered":"Honoraires"},"content":{"rendered":"\t\t<div data-elementor-type=\"wp-page\" data-elementor-id=\"1546\" class=\"elementor elementor-1546\">\n\t\t\t\t<div class=\"elementor-element elementor-element-ecc2299 e-flex e-con-boxed e-con e-parent\" data-id=\"ecc2299\" data-element_type=\"container\">\n\t\t\t\t\t<div class=\"e-con-inner\">\n\t\t\t\t<div class=\"elementor-element elementor-element-1ad9479 elementor-invisible elementor-widget elementor-widget-heading\" data-id=\"1ad9479\" data-element_type=\"widget\" data-settings=\"{&quot;_animation&quot;:&quot;slideInDown&quot;}\" data-widget_type=\"heading.default\">\n\t\t\t\t<div class=\"elementor-widget-container\">\n\t\t\t\t\t<h2 class=\"elementor-heading-title elementor-size-default\">Les Honoraires<br><\/h2>\t\t\t\t<\/div>\n\t\t\t\t<\/div>\n\t\t\t\t\t<\/div>\n\t\t\t\t<\/div>\n\t\t<div class=\"elementor-element elementor-element-20b166b e-flex e-con-boxed e-con e-parent\" data-id=\"20b166b\" data-element_type=\"container\">\n\t\t\t\t\t<div class=\"e-con-inner\">\n\t\t\t\t<div class=\"elementor-element elementor-element-8d79f05 elementor-drop-cap-yes elementor-drop-cap-view-default elementor-widget elementor-widget-text-editor\" data-id=\"8d79f05\" data-element_type=\"widget\" data-settings=\"{&quot;drop_cap&quot;:&quot;yes&quot;}\" data-widget_type=\"text-editor.default\">\n\t\t\t\t<div class=\"elementor-widget-container\">\n\t\t\t\t\t\t\t\t\t<p>La question de l&rsquo;honoraire sera \u00e9voqu\u00e9 lors du 1er rendez-vous.<\/p><p><strong>Le premier rendez-vous\u00a0\u00a0<\/strong>est factur\u00e9 <strong>100 \u20acuros TTC<\/strong>.,<\/p><p>Cependant, si une proc\u00e9dure est imm\u00e9diatement engag\u00e9e, la facturation du premier rendez-vous sera inclus dans le forfait.<\/p><p><strong>La facturation du dossier :<\/strong><\/p><ul><li>Le cabinet facture son intervention soit au <strong>forfait,<\/strong> soit <b>au temps pass\u00e9.<\/b><\/li><li>La facturation au forfait : L&rsquo;honoraires au forfait est fix\u00e9 pour l&rsquo;int\u00e9gralit\u00e9 de la proc\u00e9dure. Ce forfait n&rsquo;est pas payable en une seule fois, mais fait l&rsquo;objet de facturation par provision<\/li><li>La facturation au temps pass\u00e9 : selon le contentieux, le cabinet peut d\u00e9cider d&rsquo;une facturation au temps pass\u00e9. la facturation d&rsquo;une heure est de 180 \u20acuros HT.\u00a0<\/li><\/ul>\t\t\t\t\t\t\t\t<\/div>\n\t\t\t\t<\/div>\n\t\t\t\t\t<\/div>\n\t\t\t\t<\/div>\n\t\t<div class=\"elementor-element elementor-element-35df9f3 e-flex e-con-boxed e-con e-parent\" data-id=\"35df9f3\" data-element_type=\"container\">\n\t\t\t\t\t<div class=\"e-con-inner\">\n\t\t\t\t<div class=\"elementor-element elementor-element-1ad6b95 elementor-drop-cap-yes elementor-drop-cap-view-default elementor-widget elementor-widget-text-editor\" data-id=\"1ad6b95\" data-element_type=\"widget\" data-settings=\"{&quot;drop_cap&quot;:&quot;yes&quot;}\" data-widget_type=\"text-editor.default\">\n\t\t\t\t<div class=\"elementor-widget-container\">\n\t\t\t\t\t\t\t\t\t<p>En tout \u00e9tat de cause, <strong>une convention d&rsquo;honoraires<\/strong> sera sign\u00e9e.<\/p><p>En fonction des contentieux, le cabinet peut vous proposer en plus de l&rsquo;honoraires au forfait, <strong>un honoraires de r\u00e9sultat<\/strong> sur les gains ou les \u00e9conomies r\u00e9alis\u00e9s.<\/p>\t\t\t\t\t\t\t\t<\/div>\n\t\t\t\t<\/div>\n\t\t\t\t\t<\/div>\n\t\t\t\t<\/div>\n\t\t<div class=\"elementor-element elementor-element-8a81d73 e-flex e-con-boxed e-con e-parent\" data-id=\"8a81d73\" data-element_type=\"container\">\n\t\t\t\t\t<div class=\"e-con-inner\">\n\t\t\t\t<div class=\"elementor-element elementor-element-ee4de56 elementor-drop-cap-yes elementor-drop-cap-view-default elementor-widget elementor-widget-text-editor\" data-id=\"ee4de56\" data-element_type=\"widget\" data-settings=\"{&quot;drop_cap&quot;:&quot;yes&quot;}\" data-widget_type=\"text-editor.default\">\n\t\t\t\t<div class=\"elementor-widget-container\">\n\t\t\t\t\t\t\t\t\t<p>L&rsquo;aide juridictionnelle\u00a0<\/p><p>Le cabinet accepte l&rsquo;aide juridictionnelle.<\/p><p>Pour v\u00e9rifier si vous \u00eates \u00e9ligible, nous vous invitons \u00e0 cliquer sur le lien ci-joint :\u00a0<a href=\"https:\/\/www.aidejuridictionnelle.justice.fr\/simulateur\">simulation aide juridictionnelle<\/a><\/p>\t\t\t\t\t\t\t\t<\/div>\n\t\t\t\t<\/div>\n\t\t\t\t\t<\/div>\n\t\t\t\t<\/div>\n\t\t\t\t<\/div>\n\t\t","protected":false},"excerpt":{"rendered":"<p>Les Honoraires La question de l&rsquo;honoraire sera \u00e9voqu\u00e9 lors du 1er rendez-vous. Le premier rendez-vous\u00a0\u00a0est factur\u00e9 100 \u20acuros TTC., Cependant, si une proc\u00e9dure est imm\u00e9diatement engag\u00e9e, la facturation du premier rendez-vous sera inclus dans le forfait. La facturation du dossier : Le cabinet facture son intervention soit au forfait, soit au temps pass\u00e9. La facturation [&hellip;]<\/p>\n","protected":false},"author":1,"featured_media":0,"parent":0,"menu_order":0,"comment_status":"closed","ping_status":"closed","template":"","meta":{"_monsterinsights_skip_tracking":false,"_monsterinsights_sitenote_active":false,"_monsterinsights_sitenote_note":"","_monsterinsights_sitenote_category":0,"site-sidebar-layout":"no-sidebar","site-content-layout":"page-builder","ast-site-content-layout":"full-width-container","site-content-style":"default","site-sidebar-style":"default","ast-global-header-display":"","ast-banner-title-visibility":"","ast-main-header-display":"","ast-hfb-above-header-display":"","ast-hfb-below-header-display":"","ast-hfb-mobile-header-display":"","site-post-title":"disabled","ast-breadcrumbs-content":"","ast-featured-img":"disabled","footer-sml-layout":"","theme-transparent-header-meta":"","adv-header-id-meta":"","stick-header-meta":"","header-above-stick-meta":"","header-main-stick-meta":"","header-below-stick-meta":"","astra-migrate-meta-layouts":"set","ast-page-background-enabled":"default","ast-page-background-meta":{"desktop":{"background-color":"","background-image":"","background-repeat":"repeat","background-position":"center center","background-size":"auto","background-attachment":"scroll","background-type":"","background-media":"","overlay-type":"","overlay-color":"","overlay-opacity":"","overlay-gradient":""},"tablet":{"background-color":"","background-image":"","background-repeat":"repeat","background-position":"center center","background-size":"auto","background-attachment":"scroll","background-type":"","background-media":"","overlay-type":"","overlay-color":"","overlay-opacity":"","overlay-gradient":""},"mobile":{"background-color":"","background-image":"","background-repeat":"repeat","background-position":"center center","background-size":"auto","background-attachment":"scroll","background-type":"","background-media":"","overlay-type":"","overlay-color":"","overlay-opacity":"","overlay-gradient":""}},"ast-content-background-meta":{"desktop":{"background-color":"var(--ast-global-color-5)","background-image":"","background-repeat":"repeat","background-position":"center center","background-size":"auto","background-attachment":"scroll","background-type":"","background-media":"","overlay-type":"","overlay-color":"","overlay-opacity":"","overlay-gradient":""},"tablet":{"background-color":"var(--ast-global-color-5)","background-image":"","background-repeat":"repeat","background-position":"center center","background-size":"auto","background-attachment":"scroll","background-type":"","background-media":"","overlay-type":"","overlay-color":"","overlay-opacity":"","overlay-gradient":""},"mobile":{"background-color":"var(--ast-global-color-5)","background-image":"","background-repeat":"repeat","background-position":"center center","background-size":"auto","background-attachment":"scroll","background-type":"","background-media":"","overlay-type":"","overlay-color":"","overlay-opacity":"","overlay-gradient":""}},"footnotes":""},"class_list":["post-1546","page","type-page","status-publish","hentry"],"yoast_head":"<!-- This site is optimized with the Yoast SEO plugin v24.4 - https:\/\/yoast.com\/wordpress\/plugins\/seo\/ -->\n<title>Honoraires - VAL DE LYS AVOCATS-COMINES-<\/title>\n<meta name=\"robots\" content=\"index, follow, max-snippet:-1, max-image-preview:large, max-video-preview:-1\" \/>\n<link rel=\"canonical\" href=\"https:\/\/valdelysavocats.com\/index.php\/honoraires\/\" \/>\n<meta property=\"og:locale\" content=\"fr_FR\" \/>\n<meta property=\"og:type\" content=\"article\" \/>\n<meta property=\"og:title\" content=\"Honoraires - VAL DE LYS AVOCATS-COMINES-\" \/>\n<meta property=\"og:description\" content=\"Les Honoraires La question de l&rsquo;honoraire sera \u00e9voqu\u00e9 lors du 1er rendez-vous. Le premier rendez-vous\u00a0\u00a0est factur\u00e9 100 \u20acuros TTC., Cependant, si une proc\u00e9dure est imm\u00e9diatement engag\u00e9e, la facturation du premier rendez-vous sera inclus dans le forfait. La facturation du dossier : Le cabinet facture son intervention soit au forfait, soit au temps pass\u00e9. La facturation [&hellip;]\" \/>\n<meta property=\"og:url\" content=\"https:\/\/valdelysavocats.com\/index.php\/honoraires\/\" \/>\n<meta property=\"og:site_name\" content=\"VAL DE LYS AVOCATS-COMINES-\" \/>\n<meta property=\"article:modified_time\" content=\"2024-01-02T21:30:11+00:00\" \/>\n<meta name=\"twitter:card\" content=\"summary_large_image\" \/>\n<meta name=\"twitter:label1\" content=\"Dur\u00e9e de lecture estim\u00e9e\" \/>\n\t<meta name=\"twitter:data1\" content=\"1 minute\" \/>\n<script type=\"application\/ld+json\" class=\"yoast-schema-graph\">{\"@context\":\"https:\/\/schema.org\",\"@graph\":[{\"@type\":\"WebPage\",\"@id\":\"https:\/\/valdelysavocats.com\/index.php\/honoraires\/\",\"url\":\"https:\/\/valdelysavocats.com\/index.php\/honoraires\/\",\"name\":\"Honoraires - VAL DE LYS AVOCATS-COMINES-\",\"isPartOf\":{\"@id\":\"https:\/\/valdelysavocats.com\/#website\"},\"datePublished\":\"2023-12-27T15:50:51+00:00\",\"dateModified\":\"2024-01-02T21:30:11+00:00\",\"breadcrumb\":{\"@id\":\"https:\/\/valdelysavocats.com\/index.php\/honoraires\/#breadcrumb\"},\"inLanguage\":\"fr-FR\",\"potentialAction\":[{\"@type\":\"ReadAction\",\"target\":[\"https:\/\/valdelysavocats.com\/index.php\/honoraires\/\"]}]},{\"@type\":\"BreadcrumbList\",\"@id\":\"https:\/\/valdelysavocats.com\/index.php\/honoraires\/#breadcrumb\",\"itemListElement\":[{\"@type\":\"ListItem\",\"position\":1,\"name\":\"Accueil\",\"item\":\"https:\/\/valdelysavocats.com\/\"},{\"@type\":\"ListItem\",\"position\":2,\"name\":\"Honoraires\"}]},{\"@type\":\"WebSite\",\"@id\":\"https:\/\/valdelysavocats.com\/#website\",\"url\":\"https:\/\/valdelysavocats.com\/\",\"name\":\"VAL DE LYS AVOCATS-COMINES-\",\"description\":\"Avocats Divorce Droit Administratif Droit du Travail Droit immobilier Droit des Victimes\",\"publisher\":{\"@id\":\"https:\/\/valdelysavocats.com\/#organization\"},\"potentialAction\":[{\"@type\":\"SearchAction\",\"target\":{\"@type\":\"EntryPoint\",\"urlTemplate\":\"https:\/\/valdelysavocats.com\/?s={search_term_string}\"},\"query-input\":{\"@type\":\"PropertyValueSpecification\",\"valueRequired\":true,\"valueName\":\"search_term_string\"}}],\"inLanguage\":\"fr-FR\"},{\"@type\":\"Organization\",\"@id\":\"https:\/\/valdelysavocats.com\/#organization\",\"name\":\"VAL DE LYS AVOCATS-COMINES-\",\"url\":\"https:\/\/valdelysavocats.com\/\",\"logo\":{\"@type\":\"ImageObject\",\"inLanguage\":\"fr-FR\",\"@id\":\"https:\/\/valdelysavocats.com\/#\/schema\/logo\/image\/\",\"url\":\"https:\/\/valdelysavocats.com\/wp-content\/uploads\/2023\/12\/cropped-cropped-cropped-logo-1-1.png\",\"contentUrl\":\"https:\/\/valdelysavocats.com\/wp-content\/uploads\/2023\/12\/cropped-cropped-cropped-logo-1-1.png\",\"width\":415,\"height\":417,\"caption\":\"VAL DE LYS AVOCATS-COMINES-\"},\"image\":{\"@id\":\"https:\/\/valdelysavocats.com\/#\/schema\/logo\/image\/\"}}]}<\/script>\n<!-- \/ Yoast SEO plugin. -->","yoast_head_json":{"title":"Honoraires - VAL DE LYS AVOCATS-COMINES-","robots":{"index":"index","follow":"follow","max-snippet":"max-snippet:-1","max-image-preview":"max-image-preview:large","max-video-preview":"max-video-preview:-1"},"canonical":"https:\/\/valdelysavocats.com\/index.php\/honoraires\/","og_locale":"fr_FR","og_type":"article","og_title":"Honoraires - VAL DE LYS AVOCATS-COMINES-","og_description":"Les Honoraires La question de l&rsquo;honoraire sera \u00e9voqu\u00e9 lors du 1er rendez-vous. Le premier rendez-vous\u00a0\u00a0est factur\u00e9 100 \u20acuros TTC., Cependant, si une proc\u00e9dure est imm\u00e9diatement engag\u00e9e, la facturation du premier rendez-vous sera inclus dans le forfait. La facturation du dossier : Le cabinet facture son intervention soit au forfait, soit au temps pass\u00e9. La facturation [&hellip;]","og_url":"https:\/\/valdelysavocats.com\/index.php\/honoraires\/","og_site_name":"VAL DE LYS AVOCATS-COMINES-","article_modified_time":"2024-01-02T21:30:11+00:00","twitter_card":"summary_large_image","twitter_misc":{"Dur\u00e9e de lecture estim\u00e9e":"1 minute"},"schema":{"@context":"https:\/\/schema.org","@graph":[{"@type":"WebPage","@id":"https:\/\/valdelysavocats.com\/index.php\/honoraires\/","url":"https:\/\/valdelysavocats.com\/index.php\/honoraires\/","name":"Honoraires - VAL DE LYS AVOCATS-COMINES-","isPartOf":{"@id":"https:\/\/valdelysavocats.com\/#website"},"datePublished":"2023-12-27T15:50:51+00:00","dateModified":"2024-01-02T21:30:11+00:00","breadcrumb":{"@id":"https:\/\/valdelysavocats.com\/index.php\/honoraires\/#breadcrumb"},"inLanguage":"fr-FR","potentialAction":[{"@type":"ReadAction","target":["https:\/\/valdelysavocats.com\/index.php\/honoraires\/"]}]},{"@type":"BreadcrumbList","@id":"https:\/\/valdelysavocats.com\/index.php\/honoraires\/#breadcrumb","itemListElement":[{"@type":"ListItem","position":1,"name":"Accueil","item":"https:\/\/valdelysavocats.com\/"},{"@type":"ListItem","position":2,"name":"Honoraires"}]},{"@type":"WebSite","@id":"https:\/\/valdelysavocats.com\/#website","url":"https:\/\/valdelysavocats.com\/","name":"VAL DE LYS AVOCATS-COMINES-","description":"Avocats Divorce Droit Administratif Droit du Travail Droit immobilier Droit des Victimes","publisher":{"@id":"https:\/\/valdelysavocats.com\/#organization"},"potentialAction":[{"@type":"SearchAction","target":{"@type":"EntryPoint","urlTemplate":"https:\/\/valdelysavocats.com\/?s={search_term_string}"},"query-input":{"@type":"PropertyValueSpecification","valueRequired":true,"valueName":"search_term_string"}}],"inLanguage":"fr-FR"},{"@type":"Organization","@id":"https:\/\/valdelysavocats.com\/#organization","name":"VAL DE LYS AVOCATS-COMINES-","url":"https:\/\/valdelysavocats.com\/","logo":{"@type":"ImageObject","inLanguage":"fr-FR","@id":"https:\/\/valdelysavocats.com\/#\/schema\/logo\/image\/","url":"https:\/\/valdelysavocats.com\/wp-content\/uploads\/2023\/12\/cropped-cropped-cropped-logo-1-1.png","contentUrl":"https:\/\/valdelysavocats.com\/wp-content\/uploads\/2023\/12\/cropped-cropped-cropped-logo-1-1.png","width":415,"height":417,"caption":"VAL DE LYS AVOCATS-COMINES-"},"image":{"@id":"https:\/\/valdelysavocats.com\/#\/schema\/logo\/image\/"}}]}},"_links":{"self":[{"href":"https:\/\/valdelysavocats.com\/index.php\/wp-json\/wp\/v2\/pages\/1546","targetHints":{"allow":["GET"]}}],"collection":[{"href":"https:\/\/valdelysavocats.com\/index.php\/wp-json\/wp\/v2\/pages"}],"about":[{"href":"https:\/\/valdelysavocats.com\/index.php\/wp-json\/wp\/v2\/types\/page"}],"author":[{"embeddable":true,"href":"https:\/\/valdelysavocats.com\/index.php\/wp-json\/wp\/v2\/users\/1"}],"replies":[{"embeddable":true,"href":"https:\/\/valdelysavocats.com\/index.php\/wp-json\/wp\/v2\/comments?post=1546"}],"version-history":[{"count":7,"href":"https:\/\/valdelysavocats.com\/index.php\/wp-json\/wp\/v2\/pages\/1546\/revisions"}],"predecessor-version":[{"id":1756,"href":"https:\/\/valdelysavocats.com\/index.php\/wp-json\/wp\/v2\/pages\/1546\/revisions\/1756"}],"wp:attachment":[{"href":"https:\/\/valdelysavocats.com\/index.php\/wp-json\/wp\/v2\/media?parent=1546"}],"curies":[{"name":"wp","href":"https:\/\/api.w.org\/{rel}","templated":true}]}}