{"id":2020,"date":"2024-01-22T22:31:35","date_gmt":"2024-01-22T21:31:35","guid":{"rendered":"https:\/\/valdelysavocats.com\/?page_id=2020"},"modified":"2024-02-02T08:36:47","modified_gmt":"2024-02-02T07:36:47","slug":"droit-de-limmobilier","status":"publish","type":"page","link":"https:\/\/valdelysavocats.com\/index.php\/droit-de-limmobilier\/","title":{"rendered":"Droit de l&rsquo;Immobilier"},"content":{"rendered":"\t\t<div data-elementor-type=\"wp-page\" data-elementor-id=\"2020\" class=\"elementor elementor-2020\">\n\t\t\t\t<div class=\"elementor-element elementor-element-b40ccc5 e-flex e-con-boxed e-con e-parent\" data-id=\"b40ccc5\" data-element_type=\"container\">\n\t\t\t\t\t<div class=\"e-con-inner\">\n\t\t\t\t<div class=\"elementor-element elementor-element-b09c01b elementor-widget elementor-widget-heading\" data-id=\"b09c01b\" data-element_type=\"widget\" data-widget_type=\"heading.default\">\n\t\t\t\t<div class=\"elementor-widget-container\">\n\t\t\t\t\t<h2 class=\"elementor-heading-title elementor-size-default\">LE DROIT DE L'IMMOBILIER<\/h2>\t\t\t\t<\/div>\n\t\t\t\t<\/div>\n\t\t\t\t<div class=\"elementor-element elementor-element-e77999a elementor-widget elementor-widget-image\" data-id=\"e77999a\" data-element_type=\"widget\" data-widget_type=\"image.default\">\n\t\t\t\t<div class=\"elementor-widget-container\">\n\t\t\t\t\t\t\t\t\t\t\t\t\t\t\t<img fetchpriority=\"high\" decoding=\"async\" width=\"1024\" height=\"683\" src=\"https:\/\/valdelysavocats.com\/wp-content\/uploads\/2024\/02\/pexels-photomix-company-101808-1024x683.jpg\" class=\"attachment-large size-large wp-image-2356\" alt=\"\" srcset=\"https:\/\/valdelysavocats.com\/wp-content\/uploads\/2024\/02\/pexels-photomix-company-101808-1024x683.jpg 1024w, https:\/\/valdelysavocats.com\/wp-content\/uploads\/2024\/02\/pexels-photomix-company-101808-300x200.jpg 300w, https:\/\/valdelysavocats.com\/wp-content\/uploads\/2024\/02\/pexels-photomix-company-101808-768x512.jpg 768w, https:\/\/valdelysavocats.com\/wp-content\/uploads\/2024\/02\/pexels-photomix-company-101808-1536x1024.jpg 1536w, https:\/\/valdelysavocats.com\/wp-content\/uploads\/2024\/02\/pexels-photomix-company-101808-2048x1365.jpg 2048w\" sizes=\"(max-width: 1024px) 100vw, 1024px\" \/>\t\t\t\t\t\t\t\t\t\t\t\t\t\t\t<\/div>\n\t\t\t\t<\/div>\n\t\t\t\t\t<\/div>\n\t\t\t\t<\/div>\n\t\t<div class=\"elementor-element elementor-element-1fecd9e e-flex e-con-boxed e-con e-parent\" data-id=\"1fecd9e\" data-element_type=\"container\">\n\t\t\t\t\t<div class=\"e-con-inner\">\n\t\t\t\t<div class=\"elementor-element elementor-element-8db210f elementor-widget elementor-widget-text-editor\" data-id=\"8db210f\" data-element_type=\"widget\" data-widget_type=\"text-editor.default\">\n\t\t\t\t<div class=\"elementor-widget-container\">\n\t\t\t\t\t\t\t\t\t<p>Val de Lys Avocats intervient dans les domaines du <span style=\"color: #d09a40;\">droit de la constructio<\/span>n en apportant leur soutien aussi bien aupr\u00e8s des particuliers que des entreprises.<\/p><p>Que vous soyez propri\u00e9taire d&rsquo;un bien immobilier ou locateur d&rsquo;ouvrage professionnel de la construction, architecte, le r\u00e9gime de la responsabilit\u00e9 des constructeurs est vaste, complexe, m\u00e9rite un accompagnement sp\u00e9cifique. Val de Lys Avocats sera \u00e0 vos c\u00f4t\u00e9s.<\/p><p>Bailleurs ou locataires, Val de Lys Avocats pratique en droit du logement, nous vous repr\u00e9senteront devant le juge du contentieux pour toutes vos causes de <span style=\"color: #d09a40;\">r\u00e9siliation de bail,<\/span> <span style=\"color: #d09a40;\">non-paiement de loyers, ind\u00e9cence, insalubrit\u00e9, demande DALO.<\/span><\/p><p>\u00a0<\/p><p>\u00a0<\/p>\t\t\t\t\t\t\t\t<\/div>\n\t\t\t\t<\/div>\n\t\t<div class=\"elementor-element elementor-element-6e0b668 e-con-full e-flex e-con e-child\" data-id=\"6e0b668\" data-element_type=\"container\">\n\t\t\t\t<div class=\"elementor-element elementor-element-ca11e0e elementor-icon-list--layout-traditional elementor-list-item-link-full_width elementor-widget elementor-widget-icon-list\" data-id=\"ca11e0e\" data-element_type=\"widget\" data-widget_type=\"icon-list.default\">\n\t\t\t\t<div class=\"elementor-widget-container\">\n\t\t\t\t\t\t\t<ul class=\"elementor-icon-list-items\">\n\t\t\t\t\t\t\t<li class=\"elementor-icon-list-item\">\n\t\t\t\t\t\t\t\t\t\t\t<span class=\"elementor-icon-list-icon\">\n\t\t\t\t\t\t\t<svg aria-hidden=\"true\" class=\"e-font-icon-svg e-far-arrow-alt-circle-right\" viewBox=\"0 0 512 512\" xmlns=\"http:\/\/www.w3.org\/2000\/svg\"><path d=\"M504 256C504 119 393 8 256 8S8 119 8 256s111 248 248 248 248-111 248-248zm-448 0c0-110.5 89.5-200 200-200s200 89.5 200 200-89.5 200-200 200S56 366.5 56 256zm72 20v-40c0-6.6 5.4-12 12-12h116v-67c0-10.7 12.9-16 20.5-8.5l99 99c4.7 4.7 4.7 12.3 0 17l-99 99c-7.6 7.6-20.5 2.2-20.5-8.5v-67H140c-6.6 0-12-5.4-12-12z\"><\/path><\/svg>\t\t\t\t\t\t<\/span>\n\t\t\t\t\t\t\t\t\t\t<span class=\"elementor-icon-list-text\">Le bail d'habitation<\/span>\n\t\t\t\t\t\t\t\t\t<\/li>\n\t\t\t\t\t\t\t\t<li class=\"elementor-icon-list-item\">\n\t\t\t\t\t\t\t\t\t\t\t<span class=\"elementor-icon-list-icon\">\n\t\t\t\t\t\t\t<svg aria-hidden=\"true\" class=\"e-font-icon-svg e-far-arrow-alt-circle-right\" viewBox=\"0 0 512 512\" xmlns=\"http:\/\/www.w3.org\/2000\/svg\"><path d=\"M504 256C504 119 393 8 256 8S8 119 8 256s111 248 248 248 248-111 248-248zm-448 0c0-110.5 89.5-200 200-200s200 89.5 200 200-89.5 200-200 200S56 366.5 56 256zm72 20v-40c0-6.6 5.4-12 12-12h116v-67c0-10.7 12.9-16 20.5-8.5l99 99c4.7 4.7 4.7 12.3 0 17l-99 99c-7.6 7.6-20.5 2.2-20.5-8.5v-67H140c-6.6 0-12-5.4-12-12z\"><\/path><\/svg>\t\t\t\t\t\t<\/span>\n\t\t\t\t\t\t\t\t\t\t<span class=\"elementor-icon-list-text\">Le droit de la construction<\/span>\n\t\t\t\t\t\t\t\t\t<\/li>\n\t\t\t\t\t\t\t\t<li class=\"elementor-icon-list-item\">\n\t\t\t\t\t\t\t\t\t\t\t<span class=\"elementor-icon-list-icon\">\n\t\t\t\t\t\t\t<svg aria-hidden=\"true\" class=\"e-font-icon-svg e-far-arrow-alt-circle-right\" viewBox=\"0 0 512 512\" xmlns=\"http:\/\/www.w3.org\/2000\/svg\"><path d=\"M504 256C504 119 393 8 256 8S8 119 8 256s111 248 248 248 248-111 248-248zm-448 0c0-110.5 89.5-200 200-200s200 89.5 200 200-89.5 200-200 200S56 366.5 56 256zm72 20v-40c0-6.6 5.4-12 12-12h116v-67c0-10.7 12.9-16 20.5-8.5l99 99c4.7 4.7 4.7 12.3 0 17l-99 99c-7.6 7.6-20.5 2.2-20.5-8.5v-67H140c-6.6 0-12-5.4-12-12z\"><\/path><\/svg>\t\t\t\t\t\t<\/span>\n\t\t\t\t\t\t\t\t\t\t<span class=\"elementor-icon-list-text\">Le bail commercial<\/span>\n\t\t\t\t\t\t\t\t\t<\/li>\n\t\t\t\t\t\t<\/ul>\n\t\t\t\t\t\t<\/div>\n\t\t\t\t<\/div>\n\t\t\t\t<\/div>\n\t\t\t\t\t<\/div>\n\t\t\t\t<\/div>\n\t\t\t\t<\/div>\n\t\t","protected":false},"excerpt":{"rendered":"<p>LE DROIT DE L&rsquo;IMMOBILIER Val de Lys Avocats intervient dans les domaines du droit de la construction en apportant leur soutien aussi bien aupr\u00e8s des particuliers que des entreprises. Que vous soyez propri\u00e9taire d&rsquo;un bien immobilier ou locateur d&rsquo;ouvrage professionnel de la construction, architecte, le r\u00e9gime de la responsabilit\u00e9 des constructeurs est vaste, complexe, m\u00e9rite [&hellip;]<\/p>\n","protected":false},"author":1,"featured_media":0,"parent":0,"menu_order":0,"comment_status":"closed","ping_status":"closed","template":"","meta":{"_monsterinsights_skip_tracking":false,"_monsterinsights_sitenote_active":false,"_monsterinsights_sitenote_note":"","_monsterinsights_sitenote_category":0,"site-sidebar-layout":"no-sidebar","site-content-layout":"page-builder","ast-site-content-layout":"full-width-container","site-content-style":"default","site-sidebar-style":"default","ast-global-header-display":"","ast-banner-title-visibility":"","ast-main-header-display":"","ast-hfb-above-header-display":"","ast-hfb-below-header-display":"","ast-hfb-mobile-header-display":"","site-post-title":"disabled","ast-breadcrumbs-content":"","ast-featured-img":"disabled","footer-sml-layout":"","theme-transparent-header-meta":"","adv-header-id-meta":"","stick-header-meta":"","header-above-stick-meta":"","header-main-stick-meta":"","header-below-stick-meta":"","astra-migrate-meta-layouts":"set","ast-page-background-enabled":"default","ast-page-background-meta":{"desktop":{"background-color":"","background-image":"","background-repeat":"repeat","background-position":"center center","background-size":"auto","background-attachment":"scroll","background-type":"","background-media":"","overlay-type":"","overlay-color":"","overlay-opacity":"","overlay-gradient":""},"tablet":{"background-color":"","background-image":"","background-repeat":"repeat","background-position":"center center","background-size":"auto","background-attachment":"scroll","background-type":"","background-media":"","overlay-type":"","overlay-color":"","overlay-opacity":"","overlay-gradient":""},"mobile":{"background-color":"","background-image":"","background-repeat":"repeat","background-position":"center center","background-size":"auto","background-attachment":"scroll","background-type":"","background-media":"","overlay-type":"","overlay-color":"","overlay-opacity":"","overlay-gradient":""}},"ast-content-background-meta":{"desktop":{"background-color":"var(--ast-global-color-5)","background-image":"","background-repeat":"repeat","background-position":"center center","background-size":"auto","background-attachment":"scroll","background-type":"","background-media":"","overlay-type":"","overlay-color":"","overlay-opacity":"","overlay-gradient":""},"tablet":{"background-color":"var(--ast-global-color-5)","background-image":"","background-repeat":"repeat","background-position":"center center","background-size":"auto","background-attachment":"scroll","background-type":"","background-media":"","overlay-type":"","overlay-color":"","overlay-opacity":"","overlay-gradient":""},"mobile":{"background-color":"var(--ast-global-color-5)","background-image":"","background-repeat":"repeat","background-position":"center center","background-size":"auto","background-attachment":"scroll","background-type":"","background-media":"","overlay-type":"","overlay-color":"","overlay-opacity":"","overlay-gradient":""}},"footnotes":""},"class_list":["post-2020","page","type-page","status-publish","hentry"],"yoast_head":"<!-- This site is optimized with the Yoast SEO plugin v24.4 - https:\/\/yoast.com\/wordpress\/plugins\/seo\/ -->\n<title>Droit de l&#039;Immobilier - VAL DE LYS AVOCATS-COMINES-<\/title>\n<meta name=\"robots\" content=\"index, follow, max-snippet:-1, max-image-preview:large, max-video-preview:-1\" \/>\n<link rel=\"canonical\" href=\"https:\/\/valdelysavocats.com\/index.php\/droit-de-limmobilier\/\" \/>\n<meta property=\"og:locale\" content=\"fr_FR\" \/>\n<meta property=\"og:type\" content=\"article\" \/>\n<meta property=\"og:title\" content=\"Droit de l&#039;Immobilier - VAL DE LYS AVOCATS-COMINES-\" \/>\n<meta property=\"og:description\" content=\"LE DROIT DE L&rsquo;IMMOBILIER Val de Lys Avocats intervient dans les domaines du droit de la construction en apportant leur soutien aussi bien aupr\u00e8s des particuliers que des entreprises. Que vous soyez propri\u00e9taire d&rsquo;un bien immobilier ou locateur d&rsquo;ouvrage professionnel de la construction, architecte, le r\u00e9gime de la responsabilit\u00e9 des constructeurs est vaste, complexe, m\u00e9rite [&hellip;]\" \/>\n<meta property=\"og:url\" content=\"https:\/\/valdelysavocats.com\/index.php\/droit-de-limmobilier\/\" \/>\n<meta property=\"og:site_name\" content=\"VAL DE LYS AVOCATS-COMINES-\" \/>\n<meta property=\"article:modified_time\" content=\"2024-02-02T07:36:47+00:00\" \/>\n<meta property=\"og:image\" content=\"https:\/\/valdelysavocats.com\/wp-content\/uploads\/2024\/02\/pexels-photomix-company-101808-1024x683.jpg\" \/>\n<meta name=\"twitter:card\" content=\"summary_large_image\" \/>\n<meta name=\"twitter:label1\" content=\"Dur\u00e9e de lecture estim\u00e9e\" \/>\n\t<meta name=\"twitter:data1\" content=\"1 minute\" \/>\n<script type=\"application\/ld+json\" class=\"yoast-schema-graph\">{\"@context\":\"https:\/\/schema.org\",\"@graph\":[{\"@type\":\"WebPage\",\"@id\":\"https:\/\/valdelysavocats.com\/index.php\/droit-de-limmobilier\/\",\"url\":\"https:\/\/valdelysavocats.com\/index.php\/droit-de-limmobilier\/\",\"name\":\"Droit de l'Immobilier - VAL DE LYS AVOCATS-COMINES-\",\"isPartOf\":{\"@id\":\"https:\/\/valdelysavocats.com\/#website\"},\"primaryImageOfPage\":{\"@id\":\"https:\/\/valdelysavocats.com\/index.php\/droit-de-limmobilier\/#primaryimage\"},\"image\":{\"@id\":\"https:\/\/valdelysavocats.com\/index.php\/droit-de-limmobilier\/#primaryimage\"},\"thumbnailUrl\":\"https:\/\/valdelysavocats.com\/wp-content\/uploads\/2024\/02\/pexels-photomix-company-101808-1024x683.jpg\",\"datePublished\":\"2024-01-22T21:31:35+00:00\",\"dateModified\":\"2024-02-02T07:36:47+00:00\",\"breadcrumb\":{\"@id\":\"https:\/\/valdelysavocats.com\/index.php\/droit-de-limmobilier\/#breadcrumb\"},\"inLanguage\":\"fr-FR\",\"potentialAction\":[{\"@type\":\"ReadAction\",\"target\":[\"https:\/\/valdelysavocats.com\/index.php\/droit-de-limmobilier\/\"]}]},{\"@type\":\"ImageObject\",\"inLanguage\":\"fr-FR\",\"@id\":\"https:\/\/valdelysavocats.com\/index.php\/droit-de-limmobilier\/#primaryimage\",\"url\":\"https:\/\/valdelysavocats.com\/wp-content\/uploads\/2024\/02\/pexels-photomix-company-101808-scaled.jpg\",\"contentUrl\":\"https:\/\/valdelysavocats.com\/wp-content\/uploads\/2024\/02\/pexels-photomix-company-101808-scaled.jpg\",\"width\":2560,\"height\":1707},{\"@type\":\"BreadcrumbList\",\"@id\":\"https:\/\/valdelysavocats.com\/index.php\/droit-de-limmobilier\/#breadcrumb\",\"itemListElement\":[{\"@type\":\"ListItem\",\"position\":1,\"name\":\"Accueil\",\"item\":\"https:\/\/valdelysavocats.com\/\"},{\"@type\":\"ListItem\",\"position\":2,\"name\":\"Droit de l&rsquo;Immobilier\"}]},{\"@type\":\"WebSite\",\"@id\":\"https:\/\/valdelysavocats.com\/#website\",\"url\":\"https:\/\/valdelysavocats.com\/\",\"name\":\"VAL DE LYS AVOCATS-COMINES-\",\"description\":\"Avocats Divorce Droit Administratif Droit du Travail Droit immobilier Droit des Victimes\",\"publisher\":{\"@id\":\"https:\/\/valdelysavocats.com\/#organization\"},\"potentialAction\":[{\"@type\":\"SearchAction\",\"target\":{\"@type\":\"EntryPoint\",\"urlTemplate\":\"https:\/\/valdelysavocats.com\/?s={search_term_string}\"},\"query-input\":{\"@type\":\"PropertyValueSpecification\",\"valueRequired\":true,\"valueName\":\"search_term_string\"}}],\"inLanguage\":\"fr-FR\"},{\"@type\":\"Organization\",\"@id\":\"https:\/\/valdelysavocats.com\/#organization\",\"name\":\"VAL DE LYS AVOCATS-COMINES-\",\"url\":\"https:\/\/valdelysavocats.com\/\",\"logo\":{\"@type\":\"ImageObject\",\"inLanguage\":\"fr-FR\",\"@id\":\"https:\/\/valdelysavocats.com\/#\/schema\/logo\/image\/\",\"url\":\"https:\/\/valdelysavocats.com\/wp-content\/uploads\/2023\/12\/cropped-cropped-cropped-logo-1-1.png\",\"contentUrl\":\"https:\/\/valdelysavocats.com\/wp-content\/uploads\/2023\/12\/cropped-cropped-cropped-logo-1-1.png\",\"width\":415,\"height\":417,\"caption\":\"VAL DE LYS AVOCATS-COMINES-\"},\"image\":{\"@id\":\"https:\/\/valdelysavocats.com\/#\/schema\/logo\/image\/\"}}]}<\/script>\n<!-- \/ Yoast SEO plugin. -->","yoast_head_json":{"title":"Droit de l'Immobilier - VAL DE LYS AVOCATS-COMINES-","robots":{"index":"index","follow":"follow","max-snippet":"max-snippet:-1","max-image-preview":"max-image-preview:large","max-video-preview":"max-video-preview:-1"},"canonical":"https:\/\/valdelysavocats.com\/index.php\/droit-de-limmobilier\/","og_locale":"fr_FR","og_type":"article","og_title":"Droit de l'Immobilier - VAL DE LYS AVOCATS-COMINES-","og_description":"LE DROIT DE L&rsquo;IMMOBILIER Val de Lys Avocats intervient dans les domaines du droit de la construction en apportant leur soutien aussi bien aupr\u00e8s des particuliers que des entreprises. Que vous soyez propri\u00e9taire d&rsquo;un bien immobilier ou locateur d&rsquo;ouvrage professionnel de la construction, architecte, le r\u00e9gime de la responsabilit\u00e9 des constructeurs est vaste, complexe, m\u00e9rite [&hellip;]","og_url":"https:\/\/valdelysavocats.com\/index.php\/droit-de-limmobilier\/","og_site_name":"VAL DE LYS AVOCATS-COMINES-","article_modified_time":"2024-02-02T07:36:47+00:00","og_image":[{"url":"https:\/\/valdelysavocats.com\/wp-content\/uploads\/2024\/02\/pexels-photomix-company-101808-1024x683.jpg","type":"","width":"","height":""}],"twitter_card":"summary_large_image","twitter_misc":{"Dur\u00e9e de lecture estim\u00e9e":"1 minute"},"schema":{"@context":"https:\/\/schema.org","@graph":[{"@type":"WebPage","@id":"https:\/\/valdelysavocats.com\/index.php\/droit-de-limmobilier\/","url":"https:\/\/valdelysavocats.com\/index.php\/droit-de-limmobilier\/","name":"Droit de l'Immobilier - VAL DE LYS AVOCATS-COMINES-","isPartOf":{"@id":"https:\/\/valdelysavocats.com\/#website"},"primaryImageOfPage":{"@id":"https:\/\/valdelysavocats.com\/index.php\/droit-de-limmobilier\/#primaryimage"},"image":{"@id":"https:\/\/valdelysavocats.com\/index.php\/droit-de-limmobilier\/#primaryimage"},"thumbnailUrl":"https:\/\/valdelysavocats.com\/wp-content\/uploads\/2024\/02\/pexels-photomix-company-101808-1024x683.jpg","datePublished":"2024-01-22T21:31:35+00:00","dateModified":"2024-02-02T07:36:47+00:00","breadcrumb":{"@id":"https:\/\/valdelysavocats.com\/index.php\/droit-de-limmobilier\/#breadcrumb"},"inLanguage":"fr-FR","potentialAction":[{"@type":"ReadAction","target":["https:\/\/valdelysavocats.com\/index.php\/droit-de-limmobilier\/"]}]},{"@type":"ImageObject","inLanguage":"fr-FR","@id":"https:\/\/valdelysavocats.com\/index.php\/droit-de-limmobilier\/#primaryimage","url":"https:\/\/valdelysavocats.com\/wp-content\/uploads\/2024\/02\/pexels-photomix-company-101808-scaled.jpg","contentUrl":"https:\/\/valdelysavocats.com\/wp-content\/uploads\/2024\/02\/pexels-photomix-company-101808-scaled.jpg","width":2560,"height":1707},{"@type":"BreadcrumbList","@id":"https:\/\/valdelysavocats.com\/index.php\/droit-de-limmobilier\/#breadcrumb","itemListElement":[{"@type":"ListItem","position":1,"name":"Accueil","item":"https:\/\/valdelysavocats.com\/"},{"@type":"ListItem","position":2,"name":"Droit de l&rsquo;Immobilier"}]},{"@type":"WebSite","@id":"https:\/\/valdelysavocats.com\/#website","url":"https:\/\/valdelysavocats.com\/","name":"VAL DE LYS AVOCATS-COMINES-","description":"Avocats Divorce Droit Administratif Droit du Travail Droit immobilier Droit des Victimes","publisher":{"@id":"https:\/\/valdelysavocats.com\/#organization"},"potentialAction":[{"@type":"SearchAction","target":{"@type":"EntryPoint","urlTemplate":"https:\/\/valdelysavocats.com\/?s={search_term_string}"},"query-input":{"@type":"PropertyValueSpecification","valueRequired":true,"valueName":"search_term_string"}}],"inLanguage":"fr-FR"},{"@type":"Organization","@id":"https:\/\/valdelysavocats.com\/#organization","name":"VAL DE LYS AVOCATS-COMINES-","url":"https:\/\/valdelysavocats.com\/","logo":{"@type":"ImageObject","inLanguage":"fr-FR","@id":"https:\/\/valdelysavocats.com\/#\/schema\/logo\/image\/","url":"https:\/\/valdelysavocats.com\/wp-content\/uploads\/2023\/12\/cropped-cropped-cropped-logo-1-1.png","contentUrl":"https:\/\/valdelysavocats.com\/wp-content\/uploads\/2023\/12\/cropped-cropped-cropped-logo-1-1.png","width":415,"height":417,"caption":"VAL DE LYS AVOCATS-COMINES-"},"image":{"@id":"https:\/\/valdelysavocats.com\/#\/schema\/logo\/image\/"}}]}},"_links":{"self":[{"href":"https:\/\/valdelysavocats.com\/index.php\/wp-json\/wp\/v2\/pages\/2020","targetHints":{"allow":["GET"]}}],"collection":[{"href":"https:\/\/valdelysavocats.com\/index.php\/wp-json\/wp\/v2\/pages"}],"about":[{"href":"https:\/\/valdelysavocats.com\/index.php\/wp-json\/wp\/v2\/types\/page"}],"author":[{"embeddable":true,"href":"https:\/\/valdelysavocats.com\/index.php\/wp-json\/wp\/v2\/users\/1"}],"replies":[{"embeddable":true,"href":"https:\/\/valdelysavocats.com\/index.php\/wp-json\/wp\/v2\/comments?post=2020"}],"version-history":[{"count":13,"href":"https:\/\/valdelysavocats.com\/index.php\/wp-json\/wp\/v2\/pages\/2020\/revisions"}],"predecessor-version":[{"id":2486,"href":"https:\/\/valdelysavocats.com\/index.php\/wp-json\/wp\/v2\/pages\/2020\/revisions\/2486"}],"wp:attachment":[{"href":"https:\/\/valdelysavocats.com\/index.php\/wp-json\/wp\/v2\/media?parent=2020"}],"curies":[{"name":"wp","href":"https:\/\/api.w.org\/{rel}","templated":true}]}}