{"id":2116,"date":"2024-01-29T16:49:06","date_gmt":"2024-01-29T15:49:06","guid":{"rendered":"https:\/\/valdelysavocats.com\/?page_id=2116"},"modified":"2024-02-01T13:40:02","modified_gmt":"2024-02-01T12:40:02","slug":"le-divorce-pour-alteration-definitive-du-lien-conjugal","status":"publish","type":"page","link":"https:\/\/valdelysavocats.com\/index.php\/le-divorce-pour-alteration-definitive-du-lien-conjugal\/","title":{"rendered":"Le divorce pour alt\u00e9ration d\u00e9finitive du lien conjugal"},"content":{"rendered":"\t\t<div data-elementor-type=\"wp-page\" data-elementor-id=\"2116\" class=\"elementor elementor-2116\">\n\t\t\t\t<div class=\"elementor-element elementor-element-460a389 e-flex e-con-boxed e-con e-parent\" data-id=\"460a389\" data-element_type=\"container\">\n\t\t\t\t\t<div class=\"e-con-inner\">\n\t\t<div class=\"elementor-element elementor-element-af72b04 e-con-full e-flex e-con e-child\" data-id=\"af72b04\" data-element_type=\"container\">\n\t\t\t\t<div class=\"elementor-element elementor-element-5e71553 elementor-widget elementor-widget-image\" data-id=\"5e71553\" data-element_type=\"widget\" data-widget_type=\"image.default\">\n\t\t\t\t<div class=\"elementor-widget-container\">\n\t\t\t\t\t\t\t\t\t\t\t\t\t\t\t<img fetchpriority=\"high\" decoding=\"async\" width=\"1024\" height=\"1024\" src=\"https:\/\/valdelysavocats.com\/wp-content\/uploads\/2023\/12\/forme-papier-divorce-familial-1-1-1024x1024.jpg\" class=\"attachment-large size-large wp-image-1647\" alt=\"\" srcset=\"https:\/\/valdelysavocats.com\/wp-content\/uploads\/2023\/12\/forme-papier-divorce-familial-1-1-1024x1024.jpg 1024w, https:\/\/valdelysavocats.com\/wp-content\/uploads\/2023\/12\/forme-papier-divorce-familial-1-1-300x300.jpg 300w, https:\/\/valdelysavocats.com\/wp-content\/uploads\/2023\/12\/forme-papier-divorce-familial-1-1-150x150.jpg 150w, https:\/\/valdelysavocats.com\/wp-content\/uploads\/2023\/12\/forme-papier-divorce-familial-1-1-768x767.jpg 768w, https:\/\/valdelysavocats.com\/wp-content\/uploads\/2023\/12\/forme-papier-divorce-familial-1-1-1536x1536.jpg 1536w, https:\/\/valdelysavocats.com\/wp-content\/uploads\/2023\/12\/forme-papier-divorce-familial-1-1-2048x2046.jpg 2048w\" sizes=\"(max-width: 1024px) 100vw, 1024px\" \/>\t\t\t\t\t\t\t\t\t\t\t\t\t\t\t<\/div>\n\t\t\t\t<\/div>\n\t\t\t\t<\/div>\n\t\t<div class=\"elementor-element elementor-element-6846490 e-con-full e-flex e-con e-child\" data-id=\"6846490\" data-element_type=\"container\">\n\t\t\t\t<div class=\"elementor-element elementor-element-3e7f21a elementor-widget elementor-widget-heading\" data-id=\"3e7f21a\" data-element_type=\"widget\" data-widget_type=\"heading.default\">\n\t\t\t\t<div class=\"elementor-widget-container\">\n\t\t\t\t\t<h3 class=\"elementor-heading-title elementor-size-default\">Le divorce pour alt\u00e9ration du lien conjugal <\/h3>\t\t\t\t<\/div>\n\t\t\t\t<\/div>\n\t\t\t\t<div class=\"elementor-element elementor-element-b91cb69 elementor-widget elementor-widget-text-editor\" data-id=\"b91cb69\" data-element_type=\"widget\" data-widget_type=\"text-editor.default\">\n\t\t\t\t<div class=\"elementor-widget-container\">\n\t\t\t\t\t\t\t\t\t<p>\u00a0<\/p><p>\u00a0<\/p><p>Vous souhaitez divorcer, cependant votre conjoint s&rsquo;y refuse.<\/p><p>Vous pouvez engager une proc\u00e9dure de divorce apr\u00e8s un an de s\u00e9paration.<\/p><p>La preuve de l&rsquo;alt\u00e9ration d\u00e9finitive se fait pas tous moyens : Il vous incombe de d\u00e9montrer que la vie commune a cess\u00e9. Vous pouvez produire au juge, un contrat de bail diff\u00e9rent, des factures de gaz ou d&rsquo;\u00e9lectricit\u00e9, des attestation d&rsquo;h\u00e9bergement par un proche, des attestations &#8230;<\/p><p>A tout moment de la proc\u00e9dure, vous pouvez changer de proc\u00e9dure pour vous orienter vers un divorce par consentement mutuel ou un divorce pour acceptation du principe de la rupture.<\/p><p>\u00a0<\/p>\t\t\t\t\t\t\t\t<\/div>\n\t\t\t\t<\/div>\n\t\t\t\t<\/div>\n\t\t\t\t\t<\/div>\n\t\t\t\t<\/div>\n\t\t\t\t<\/div>\n\t\t","protected":false},"excerpt":{"rendered":"<p>Le divorce pour alt\u00e9ration du lien conjugal \u00a0 \u00a0 Vous souhaitez divorcer, cependant votre conjoint s&rsquo;y refuse. Vous pouvez engager une proc\u00e9dure de divorce apr\u00e8s un an de s\u00e9paration. La preuve de l&rsquo;alt\u00e9ration d\u00e9finitive se fait pas tous moyens : Il vous incombe de d\u00e9montrer que la vie commune a cess\u00e9. Vous pouvez produire au [&hellip;]<\/p>\n","protected":false},"author":1,"featured_media":0,"parent":0,"menu_order":0,"comment_status":"closed","ping_status":"closed","template":"","meta":{"_monsterinsights_skip_tracking":false,"_monsterinsights_sitenote_active":false,"_monsterinsights_sitenote_note":"","_monsterinsights_sitenote_category":0,"site-sidebar-layout":"no-sidebar","site-content-layout":"page-builder","ast-site-content-layout":"full-width-container","site-content-style":"default","site-sidebar-style":"default","ast-global-header-display":"","ast-banner-title-visibility":"","ast-main-header-display":"","ast-hfb-above-header-display":"","ast-hfb-below-header-display":"","ast-hfb-mobile-header-display":"","site-post-title":"disabled","ast-breadcrumbs-content":"","ast-featured-img":"disabled","footer-sml-layout":"","theme-transparent-header-meta":"","adv-header-id-meta":"","stick-header-meta":"","header-above-stick-meta":"","header-main-stick-meta":"","header-below-stick-meta":"","astra-migrate-meta-layouts":"set","ast-page-background-enabled":"default","ast-page-background-meta":{"desktop":{"background-color":"","background-image":"","background-repeat":"repeat","background-position":"center center","background-size":"auto","background-attachment":"scroll","background-type":"","background-media":"","overlay-type":"","overlay-color":"","overlay-opacity":"","overlay-gradient":""},"tablet":{"background-color":"","background-image":"","background-repeat":"repeat","background-position":"center center","background-size":"auto","background-attachment":"scroll","background-type":"","background-media":"","overlay-type":"","overlay-color":"","overlay-opacity":"","overlay-gradient":""},"mobile":{"background-color":"","background-image":"","background-repeat":"repeat","background-position":"center center","background-size":"auto","background-attachment":"scroll","background-type":"","background-media":"","overlay-type":"","overlay-color":"","overlay-opacity":"","overlay-gradient":""}},"ast-content-background-meta":{"desktop":{"background-color":"var(--ast-global-color-5)","background-image":"","background-repeat":"repeat","background-position":"center center","background-size":"auto","background-attachment":"scroll","background-type":"","background-media":"","overlay-type":"","overlay-color":"","overlay-opacity":"","overlay-gradient":""},"tablet":{"background-color":"var(--ast-global-color-5)","background-image":"","background-repeat":"repeat","background-position":"center center","background-size":"auto","background-attachment":"scroll","background-type":"","background-media":"","overlay-type":"","overlay-color":"","overlay-opacity":"","overlay-gradient":""},"mobile":{"background-color":"var(--ast-global-color-5)","background-image":"","background-repeat":"repeat","background-position":"center center","background-size":"auto","background-attachment":"scroll","background-type":"","background-media":"","overlay-type":"","overlay-color":"","overlay-opacity":"","overlay-gradient":""}},"footnotes":""},"class_list":["post-2116","page","type-page","status-publish","hentry"],"yoast_head":"<!-- This site is optimized with the Yoast SEO plugin v24.4 - https:\/\/yoast.com\/wordpress\/plugins\/seo\/ -->\n<title>Le divorce pour alt\u00e9ration d\u00e9finitive du lien conjugal - VAL DE LYS AVOCATS-COMINES-<\/title>\n<meta name=\"robots\" content=\"index, follow, max-snippet:-1, max-image-preview:large, max-video-preview:-1\" \/>\n<link rel=\"canonical\" href=\"https:\/\/valdelysavocats.com\/index.php\/le-divorce-pour-alteration-definitive-du-lien-conjugal\/\" \/>\n<meta property=\"og:locale\" content=\"fr_FR\" \/>\n<meta property=\"og:type\" content=\"article\" \/>\n<meta property=\"og:title\" content=\"Le divorce pour alt\u00e9ration d\u00e9finitive du lien conjugal - VAL DE LYS AVOCATS-COMINES-\" \/>\n<meta property=\"og:description\" content=\"Le divorce pour alt\u00e9ration du lien conjugal \u00a0 \u00a0 Vous souhaitez divorcer, cependant votre conjoint s&rsquo;y refuse. Vous pouvez engager une proc\u00e9dure de divorce apr\u00e8s un an de s\u00e9paration. La preuve de l&rsquo;alt\u00e9ration d\u00e9finitive se fait pas tous moyens : Il vous incombe de d\u00e9montrer que la vie commune a cess\u00e9. Vous pouvez produire au [&hellip;]\" \/>\n<meta property=\"og:url\" content=\"https:\/\/valdelysavocats.com\/index.php\/le-divorce-pour-alteration-definitive-du-lien-conjugal\/\" \/>\n<meta property=\"og:site_name\" content=\"VAL DE LYS AVOCATS-COMINES-\" \/>\n<meta property=\"article:modified_time\" content=\"2024-02-01T12:40:02+00:00\" \/>\n<meta property=\"og:image\" content=\"https:\/\/valdelysavocats.com\/wp-content\/uploads\/2023\/12\/forme-papier-divorce-familial-1-1-1024x1024.jpg\" \/>\n<meta name=\"twitter:card\" content=\"summary_large_image\" \/>\n<meta name=\"twitter:label1\" content=\"Dur\u00e9e de lecture estim\u00e9e\" \/>\n\t<meta name=\"twitter:data1\" content=\"1 minute\" \/>\n<script type=\"application\/ld+json\" class=\"yoast-schema-graph\">{\"@context\":\"https:\/\/schema.org\",\"@graph\":[{\"@type\":\"WebPage\",\"@id\":\"https:\/\/valdelysavocats.com\/index.php\/le-divorce-pour-alteration-definitive-du-lien-conjugal\/\",\"url\":\"https:\/\/valdelysavocats.com\/index.php\/le-divorce-pour-alteration-definitive-du-lien-conjugal\/\",\"name\":\"Le divorce pour alt\u00e9ration d\u00e9finitive du lien conjugal - VAL DE LYS AVOCATS-COMINES-\",\"isPartOf\":{\"@id\":\"https:\/\/valdelysavocats.com\/#website\"},\"primaryImageOfPage\":{\"@id\":\"https:\/\/valdelysavocats.com\/index.php\/le-divorce-pour-alteration-definitive-du-lien-conjugal\/#primaryimage\"},\"image\":{\"@id\":\"https:\/\/valdelysavocats.com\/index.php\/le-divorce-pour-alteration-definitive-du-lien-conjugal\/#primaryimage\"},\"thumbnailUrl\":\"https:\/\/valdelysavocats.com\/wp-content\/uploads\/2023\/12\/forme-papier-divorce-familial-1-1-1024x1024.jpg\",\"datePublished\":\"2024-01-29T15:49:06+00:00\",\"dateModified\":\"2024-02-01T12:40:02+00:00\",\"breadcrumb\":{\"@id\":\"https:\/\/valdelysavocats.com\/index.php\/le-divorce-pour-alteration-definitive-du-lien-conjugal\/#breadcrumb\"},\"inLanguage\":\"fr-FR\",\"potentialAction\":[{\"@type\":\"ReadAction\",\"target\":[\"https:\/\/valdelysavocats.com\/index.php\/le-divorce-pour-alteration-definitive-du-lien-conjugal\/\"]}]},{\"@type\":\"ImageObject\",\"inLanguage\":\"fr-FR\",\"@id\":\"https:\/\/valdelysavocats.com\/index.php\/le-divorce-pour-alteration-definitive-du-lien-conjugal\/#primaryimage\",\"url\":\"https:\/\/valdelysavocats.com\/wp-content\/uploads\/2023\/12\/forme-papier-divorce-familial-1-1-scaled.jpg\",\"contentUrl\":\"https:\/\/valdelysavocats.com\/wp-content\/uploads\/2023\/12\/forme-papier-divorce-familial-1-1-scaled.jpg\",\"width\":2560,\"height\":2558},{\"@type\":\"BreadcrumbList\",\"@id\":\"https:\/\/valdelysavocats.com\/index.php\/le-divorce-pour-alteration-definitive-du-lien-conjugal\/#breadcrumb\",\"itemListElement\":[{\"@type\":\"ListItem\",\"position\":1,\"name\":\"Accueil\",\"item\":\"https:\/\/valdelysavocats.com\/\"},{\"@type\":\"ListItem\",\"position\":2,\"name\":\"Le divorce pour alt\u00e9ration d\u00e9finitive du lien conjugal\"}]},{\"@type\":\"WebSite\",\"@id\":\"https:\/\/valdelysavocats.com\/#website\",\"url\":\"https:\/\/valdelysavocats.com\/\",\"name\":\"VAL DE LYS AVOCATS-COMINES-\",\"description\":\"Avocats Divorce Droit Administratif Droit du Travail Droit immobilier Droit des Victimes\",\"publisher\":{\"@id\":\"https:\/\/valdelysavocats.com\/#organization\"},\"potentialAction\":[{\"@type\":\"SearchAction\",\"target\":{\"@type\":\"EntryPoint\",\"urlTemplate\":\"https:\/\/valdelysavocats.com\/?s={search_term_string}\"},\"query-input\":{\"@type\":\"PropertyValueSpecification\",\"valueRequired\":true,\"valueName\":\"search_term_string\"}}],\"inLanguage\":\"fr-FR\"},{\"@type\":\"Organization\",\"@id\":\"https:\/\/valdelysavocats.com\/#organization\",\"name\":\"VAL DE LYS AVOCATS-COMINES-\",\"url\":\"https:\/\/valdelysavocats.com\/\",\"logo\":{\"@type\":\"ImageObject\",\"inLanguage\":\"fr-FR\",\"@id\":\"https:\/\/valdelysavocats.com\/#\/schema\/logo\/image\/\",\"url\":\"https:\/\/valdelysavocats.com\/wp-content\/uploads\/2023\/12\/cropped-cropped-cropped-logo-1-1.png\",\"contentUrl\":\"https:\/\/valdelysavocats.com\/wp-content\/uploads\/2023\/12\/cropped-cropped-cropped-logo-1-1.png\",\"width\":415,\"height\":417,\"caption\":\"VAL DE LYS AVOCATS-COMINES-\"},\"image\":{\"@id\":\"https:\/\/valdelysavocats.com\/#\/schema\/logo\/image\/\"}}]}<\/script>\n<!-- \/ Yoast SEO plugin. -->","yoast_head_json":{"title":"Le divorce pour alt\u00e9ration d\u00e9finitive du lien conjugal - VAL DE LYS AVOCATS-COMINES-","robots":{"index":"index","follow":"follow","max-snippet":"max-snippet:-1","max-image-preview":"max-image-preview:large","max-video-preview":"max-video-preview:-1"},"canonical":"https:\/\/valdelysavocats.com\/index.php\/le-divorce-pour-alteration-definitive-du-lien-conjugal\/","og_locale":"fr_FR","og_type":"article","og_title":"Le divorce pour alt\u00e9ration d\u00e9finitive du lien conjugal - VAL DE LYS AVOCATS-COMINES-","og_description":"Le divorce pour alt\u00e9ration du lien conjugal \u00a0 \u00a0 Vous souhaitez divorcer, cependant votre conjoint s&rsquo;y refuse. Vous pouvez engager une proc\u00e9dure de divorce apr\u00e8s un an de s\u00e9paration. La preuve de l&rsquo;alt\u00e9ration d\u00e9finitive se fait pas tous moyens : Il vous incombe de d\u00e9montrer que la vie commune a cess\u00e9. Vous pouvez produire au [&hellip;]","og_url":"https:\/\/valdelysavocats.com\/index.php\/le-divorce-pour-alteration-definitive-du-lien-conjugal\/","og_site_name":"VAL DE LYS AVOCATS-COMINES-","article_modified_time":"2024-02-01T12:40:02+00:00","og_image":[{"url":"https:\/\/valdelysavocats.com\/wp-content\/uploads\/2023\/12\/forme-papier-divorce-familial-1-1-1024x1024.jpg","type":"","width":"","height":""}],"twitter_card":"summary_large_image","twitter_misc":{"Dur\u00e9e de lecture estim\u00e9e":"1 minute"},"schema":{"@context":"https:\/\/schema.org","@graph":[{"@type":"WebPage","@id":"https:\/\/valdelysavocats.com\/index.php\/le-divorce-pour-alteration-definitive-du-lien-conjugal\/","url":"https:\/\/valdelysavocats.com\/index.php\/le-divorce-pour-alteration-definitive-du-lien-conjugal\/","name":"Le divorce pour alt\u00e9ration d\u00e9finitive du lien conjugal - VAL DE LYS AVOCATS-COMINES-","isPartOf":{"@id":"https:\/\/valdelysavocats.com\/#website"},"primaryImageOfPage":{"@id":"https:\/\/valdelysavocats.com\/index.php\/le-divorce-pour-alteration-definitive-du-lien-conjugal\/#primaryimage"},"image":{"@id":"https:\/\/valdelysavocats.com\/index.php\/le-divorce-pour-alteration-definitive-du-lien-conjugal\/#primaryimage"},"thumbnailUrl":"https:\/\/valdelysavocats.com\/wp-content\/uploads\/2023\/12\/forme-papier-divorce-familial-1-1-1024x1024.jpg","datePublished":"2024-01-29T15:49:06+00:00","dateModified":"2024-02-01T12:40:02+00:00","breadcrumb":{"@id":"https:\/\/valdelysavocats.com\/index.php\/le-divorce-pour-alteration-definitive-du-lien-conjugal\/#breadcrumb"},"inLanguage":"fr-FR","potentialAction":[{"@type":"ReadAction","target":["https:\/\/valdelysavocats.com\/index.php\/le-divorce-pour-alteration-definitive-du-lien-conjugal\/"]}]},{"@type":"ImageObject","inLanguage":"fr-FR","@id":"https:\/\/valdelysavocats.com\/index.php\/le-divorce-pour-alteration-definitive-du-lien-conjugal\/#primaryimage","url":"https:\/\/valdelysavocats.com\/wp-content\/uploads\/2023\/12\/forme-papier-divorce-familial-1-1-scaled.jpg","contentUrl":"https:\/\/valdelysavocats.com\/wp-content\/uploads\/2023\/12\/forme-papier-divorce-familial-1-1-scaled.jpg","width":2560,"height":2558},{"@type":"BreadcrumbList","@id":"https:\/\/valdelysavocats.com\/index.php\/le-divorce-pour-alteration-definitive-du-lien-conjugal\/#breadcrumb","itemListElement":[{"@type":"ListItem","position":1,"name":"Accueil","item":"https:\/\/valdelysavocats.com\/"},{"@type":"ListItem","position":2,"name":"Le divorce pour alt\u00e9ration d\u00e9finitive du lien conjugal"}]},{"@type":"WebSite","@id":"https:\/\/valdelysavocats.com\/#website","url":"https:\/\/valdelysavocats.com\/","name":"VAL DE LYS AVOCATS-COMINES-","description":"Avocats Divorce Droit Administratif Droit du Travail Droit immobilier Droit des Victimes","publisher":{"@id":"https:\/\/valdelysavocats.com\/#organization"},"potentialAction":[{"@type":"SearchAction","target":{"@type":"EntryPoint","urlTemplate":"https:\/\/valdelysavocats.com\/?s={search_term_string}"},"query-input":{"@type":"PropertyValueSpecification","valueRequired":true,"valueName":"search_term_string"}}],"inLanguage":"fr-FR"},{"@type":"Organization","@id":"https:\/\/valdelysavocats.com\/#organization","name":"VAL DE LYS AVOCATS-COMINES-","url":"https:\/\/valdelysavocats.com\/","logo":{"@type":"ImageObject","inLanguage":"fr-FR","@id":"https:\/\/valdelysavocats.com\/#\/schema\/logo\/image\/","url":"https:\/\/valdelysavocats.com\/wp-content\/uploads\/2023\/12\/cropped-cropped-cropped-logo-1-1.png","contentUrl":"https:\/\/valdelysavocats.com\/wp-content\/uploads\/2023\/12\/cropped-cropped-cropped-logo-1-1.png","width":415,"height":417,"caption":"VAL DE LYS AVOCATS-COMINES-"},"image":{"@id":"https:\/\/valdelysavocats.com\/#\/schema\/logo\/image\/"}}]}},"_links":{"self":[{"href":"https:\/\/valdelysavocats.com\/index.php\/wp-json\/wp\/v2\/pages\/2116","targetHints":{"allow":["GET"]}}],"collection":[{"href":"https:\/\/valdelysavocats.com\/index.php\/wp-json\/wp\/v2\/pages"}],"about":[{"href":"https:\/\/valdelysavocats.com\/index.php\/wp-json\/wp\/v2\/types\/page"}],"author":[{"embeddable":true,"href":"https:\/\/valdelysavocats.com\/index.php\/wp-json\/wp\/v2\/users\/1"}],"replies":[{"embeddable":true,"href":"https:\/\/valdelysavocats.com\/index.php\/wp-json\/wp\/v2\/comments?post=2116"}],"version-history":[{"count":16,"href":"https:\/\/valdelysavocats.com\/index.php\/wp-json\/wp\/v2\/pages\/2116\/revisions"}],"predecessor-version":[{"id":2311,"href":"https:\/\/valdelysavocats.com\/index.php\/wp-json\/wp\/v2\/pages\/2116\/revisions\/2311"}],"wp:attachment":[{"href":"https:\/\/valdelysavocats.com\/index.php\/wp-json\/wp\/v2\/media?parent=2116"}],"curies":[{"name":"wp","href":"https:\/\/api.w.org\/{rel}","templated":true}]}}