{"id":2137,"date":"2024-01-28T17:51:47","date_gmt":"2024-01-28T16:51:47","guid":{"rendered":"https:\/\/valdelysavocats.com\/?page_id=2137"},"modified":"2024-01-28T17:58:59","modified_gmt":"2024-01-28T16:58:59","slug":"le-divorce-pour-acceptation-du-principe-de-la-rupture-du-mariage","status":"publish","type":"page","link":"https:\/\/valdelysavocats.com\/index.php\/le-divorce-pour-acceptation-du-principe-de-la-rupture-du-mariage\/","title":{"rendered":"Le divorce pour acceptation du principe de la rupture du mariage"},"content":{"rendered":"\t\t<div data-elementor-type=\"wp-page\" data-elementor-id=\"2137\" class=\"elementor elementor-2137\">\n\t\t\t\t<div class=\"elementor-element elementor-element-b0639a8 e-flex e-con-boxed e-con e-parent\" data-id=\"b0639a8\" data-element_type=\"container\">\n\t\t\t\t\t<div class=\"e-con-inner\">\n\t\t<div class=\"elementor-element elementor-element-d048de2 e-con-full e-flex e-con e-child\" data-id=\"d048de2\" data-element_type=\"container\">\n\t\t\t\t<div class=\"elementor-element elementor-element-f227ee8 elementor-widget elementor-widget-image\" data-id=\"f227ee8\" data-element_type=\"widget\" data-widget_type=\"image.default\">\n\t\t\t\t<div class=\"elementor-widget-container\">\n\t\t\t\t\t\t\t\t\t\t\t\t\t\t\t<img fetchpriority=\"high\" decoding=\"async\" width=\"1024\" height=\"684\" src=\"https:\/\/valdelysavocats.com\/wp-content\/uploads\/2024\/01\/divorce-2753151_1280-1024x684.jpg\" class=\"attachment-large size-large wp-image-2139\" alt=\"\" srcset=\"https:\/\/valdelysavocats.com\/wp-content\/uploads\/2024\/01\/divorce-2753151_1280-1024x684.jpg 1024w, https:\/\/valdelysavocats.com\/wp-content\/uploads\/2024\/01\/divorce-2753151_1280-300x200.jpg 300w, https:\/\/valdelysavocats.com\/wp-content\/uploads\/2024\/01\/divorce-2753151_1280-768x513.jpg 768w, https:\/\/valdelysavocats.com\/wp-content\/uploads\/2024\/01\/divorce-2753151_1280.jpg 1280w\" sizes=\"(max-width: 1024px) 100vw, 1024px\" \/>\t\t\t\t\t\t\t\t\t\t\t\t\t\t\t<\/div>\n\t\t\t\t<\/div>\n\t\t\t\t<\/div>\n\t\t<div class=\"elementor-element elementor-element-7f64ac3 e-con-full e-flex e-con e-child\" data-id=\"7f64ac3\" data-element_type=\"container\">\n\t\t\t\t<div class=\"elementor-element elementor-element-11a9a3e elementor-widget elementor-widget-heading\" data-id=\"11a9a3e\" data-element_type=\"widget\" data-widget_type=\"heading.default\">\n\t\t\t\t<div class=\"elementor-widget-container\">\n\t\t\t\t\t<h4 class=\"elementor-heading-title elementor-size-default\">Le divorce pour acceptation du principe de la rupture du mariage <\/h4>\t\t\t\t<\/div>\n\t\t\t\t<\/div>\n\t\t\t\t<div class=\"elementor-element elementor-element-7933ed0 elementor-widget elementor-widget-text-editor\" data-id=\"7933ed0\" data-element_type=\"widget\" data-widget_type=\"text-editor.default\">\n\t\t\t\t<div class=\"elementor-widget-container\">\n\t\t\t\t\t\t\t\t\t<p>Vous \u00eates d&rsquo;accord avec votre \u00e9poux(se) pour divorce, cependant, vous \u00eates en d\u00e9saccord sur les cons\u00e9quences du divorce ( prestation compensatoire, r\u00e9sidence des enfants, pension alimentaire &#8230;).<\/p><p><span style=\"font-style: inherit; font-weight: inherit; text-align: var(--text-align); background-color: var(--ast-global-color-4); color: var(--ast-global-color-3);\">Les motifs du divorce ne seront pas \u00e9voqu\u00e9s.<\/span><\/p><p>Vous pouvez engager cette proc\u00e9dure seule ou conjointement avec votre \u00e9poux(se). La demande en divorce doit \u00eatre form\u00e9 devant le juge aux affaires familiales, l&rsquo;avocat est obligatoire .\u00a0<\/p><p>Vous signerez un proc\u00e8s verbal d&rsquo;acceptation du principe du divorce au terme duquel vous n&rsquo;\u00e9voquez pas les motifs de votre divorce,\u00a0 votre d\u00e9cision est irr\u00e9vocable, vous ne pouvez plus demander le divorce pour faute ou pour alt\u00e9ration d\u00e9finitive du lien conjugal. En revanche, vous pouvez signer un divorce par consentement mutuel.<\/p>\t\t\t\t\t\t\t\t<\/div>\n\t\t\t\t<\/div>\n\t\t\t\t<\/div>\n\t\t\t\t\t<\/div>\n\t\t\t\t<\/div>\n\t\t\t\t<\/div>\n\t\t","protected":false},"excerpt":{"rendered":"<p>Le divorce pour acceptation du principe de la rupture du mariage Vous \u00eates d&rsquo;accord avec votre \u00e9poux(se) pour divorce, cependant, vous \u00eates en d\u00e9saccord sur les cons\u00e9quences du divorce ( prestation compensatoire, r\u00e9sidence des enfants, pension alimentaire &#8230;). Les motifs du divorce ne seront pas \u00e9voqu\u00e9s. Vous pouvez engager cette proc\u00e9dure seule ou conjointement avec [&hellip;]<\/p>\n","protected":false},"author":1,"featured_media":0,"parent":0,"menu_order":0,"comment_status":"closed","ping_status":"closed","template":"","meta":{"_monsterinsights_skip_tracking":false,"_monsterinsights_sitenote_active":false,"_monsterinsights_sitenote_note":"","_monsterinsights_sitenote_category":0,"site-sidebar-layout":"no-sidebar","site-content-layout":"page-builder","ast-site-content-layout":"full-width-container","site-content-style":"default","site-sidebar-style":"default","ast-global-header-display":"","ast-banner-title-visibility":"","ast-main-header-display":"","ast-hfb-above-header-display":"","ast-hfb-below-header-display":"","ast-hfb-mobile-header-display":"","site-post-title":"disabled","ast-breadcrumbs-content":"","ast-featured-img":"disabled","footer-sml-layout":"","theme-transparent-header-meta":"","adv-header-id-meta":"","stick-header-meta":"","header-above-stick-meta":"","header-main-stick-meta":"","header-below-stick-meta":"","astra-migrate-meta-layouts":"set","ast-page-background-enabled":"default","ast-page-background-meta":{"desktop":{"background-color":"","background-image":"","background-repeat":"repeat","background-position":"center center","background-size":"auto","background-attachment":"scroll","background-type":"","background-media":"","overlay-type":"","overlay-color":"","overlay-opacity":"","overlay-gradient":""},"tablet":{"background-color":"","background-image":"","background-repeat":"repeat","background-position":"center center","background-size":"auto","background-attachment":"scroll","background-type":"","background-media":"","overlay-type":"","overlay-color":"","overlay-opacity":"","overlay-gradient":""},"mobile":{"background-color":"","background-image":"","background-repeat":"repeat","background-position":"center center","background-size":"auto","background-attachment":"scroll","background-type":"","background-media":"","overlay-type":"","overlay-color":"","overlay-opacity":"","overlay-gradient":""}},"ast-content-background-meta":{"desktop":{"background-color":"var(--ast-global-color-5)","background-image":"","background-repeat":"repeat","background-position":"center center","background-size":"auto","background-attachment":"scroll","background-type":"","background-media":"","overlay-type":"","overlay-color":"","overlay-opacity":"","overlay-gradient":""},"tablet":{"background-color":"var(--ast-global-color-5)","background-image":"","background-repeat":"repeat","background-position":"center center","background-size":"auto","background-attachment":"scroll","background-type":"","background-media":"","overlay-type":"","overlay-color":"","overlay-opacity":"","overlay-gradient":""},"mobile":{"background-color":"var(--ast-global-color-5)","background-image":"","background-repeat":"repeat","background-position":"center center","background-size":"auto","background-attachment":"scroll","background-type":"","background-media":"","overlay-type":"","overlay-color":"","overlay-opacity":"","overlay-gradient":""}},"footnotes":""},"class_list":["post-2137","page","type-page","status-publish","hentry"],"yoast_head":"<!-- This site is optimized with the Yoast SEO plugin v24.4 - https:\/\/yoast.com\/wordpress\/plugins\/seo\/ -->\n<title>Le divorce pour acceptation du principe de la rupture du mariage - VAL DE LYS AVOCATS-COMINES-<\/title>\n<meta name=\"robots\" content=\"index, follow, max-snippet:-1, max-image-preview:large, max-video-preview:-1\" \/>\n<link rel=\"canonical\" href=\"https:\/\/valdelysavocats.com\/index.php\/le-divorce-pour-acceptation-du-principe-de-la-rupture-du-mariage\/\" \/>\n<meta property=\"og:locale\" content=\"fr_FR\" \/>\n<meta property=\"og:type\" content=\"article\" \/>\n<meta property=\"og:title\" content=\"Le divorce pour acceptation du principe de la rupture du mariage - VAL DE LYS AVOCATS-COMINES-\" \/>\n<meta property=\"og:description\" content=\"Le divorce pour acceptation du principe de la rupture du mariage Vous \u00eates d&rsquo;accord avec votre \u00e9poux(se) pour divorce, cependant, vous \u00eates en d\u00e9saccord sur les cons\u00e9quences du divorce ( prestation compensatoire, r\u00e9sidence des enfants, pension alimentaire &#8230;). Les motifs du divorce ne seront pas \u00e9voqu\u00e9s. Vous pouvez engager cette proc\u00e9dure seule ou conjointement avec [&hellip;]\" \/>\n<meta property=\"og:url\" content=\"https:\/\/valdelysavocats.com\/index.php\/le-divorce-pour-acceptation-du-principe-de-la-rupture-du-mariage\/\" \/>\n<meta property=\"og:site_name\" content=\"VAL DE LYS AVOCATS-COMINES-\" \/>\n<meta property=\"article:modified_time\" content=\"2024-01-28T16:58:59+00:00\" \/>\n<meta property=\"og:image\" content=\"https:\/\/valdelysavocats.com\/wp-content\/uploads\/2024\/01\/divorce-2753151_1280-1024x684.jpg\" \/>\n<meta name=\"twitter:card\" content=\"summary_large_image\" \/>\n<meta name=\"twitter:label1\" content=\"Dur\u00e9e de lecture estim\u00e9e\" \/>\n\t<meta name=\"twitter:data1\" content=\"1 minute\" \/>\n<script type=\"application\/ld+json\" class=\"yoast-schema-graph\">{\"@context\":\"https:\/\/schema.org\",\"@graph\":[{\"@type\":\"WebPage\",\"@id\":\"https:\/\/valdelysavocats.com\/index.php\/le-divorce-pour-acceptation-du-principe-de-la-rupture-du-mariage\/\",\"url\":\"https:\/\/valdelysavocats.com\/index.php\/le-divorce-pour-acceptation-du-principe-de-la-rupture-du-mariage\/\",\"name\":\"Le divorce pour acceptation du principe de la rupture du mariage - VAL DE LYS AVOCATS-COMINES-\",\"isPartOf\":{\"@id\":\"https:\/\/valdelysavocats.com\/#website\"},\"primaryImageOfPage\":{\"@id\":\"https:\/\/valdelysavocats.com\/index.php\/le-divorce-pour-acceptation-du-principe-de-la-rupture-du-mariage\/#primaryimage\"},\"image\":{\"@id\":\"https:\/\/valdelysavocats.com\/index.php\/le-divorce-pour-acceptation-du-principe-de-la-rupture-du-mariage\/#primaryimage\"},\"thumbnailUrl\":\"https:\/\/valdelysavocats.com\/wp-content\/uploads\/2024\/01\/divorce-2753151_1280-1024x684.jpg\",\"datePublished\":\"2024-01-28T16:51:47+00:00\",\"dateModified\":\"2024-01-28T16:58:59+00:00\",\"breadcrumb\":{\"@id\":\"https:\/\/valdelysavocats.com\/index.php\/le-divorce-pour-acceptation-du-principe-de-la-rupture-du-mariage\/#breadcrumb\"},\"inLanguage\":\"fr-FR\",\"potentialAction\":[{\"@type\":\"ReadAction\",\"target\":[\"https:\/\/valdelysavocats.com\/index.php\/le-divorce-pour-acceptation-du-principe-de-la-rupture-du-mariage\/\"]}]},{\"@type\":\"ImageObject\",\"inLanguage\":\"fr-FR\",\"@id\":\"https:\/\/valdelysavocats.com\/index.php\/le-divorce-pour-acceptation-du-principe-de-la-rupture-du-mariage\/#primaryimage\",\"url\":\"https:\/\/valdelysavocats.com\/wp-content\/uploads\/2024\/01\/divorce-2753151_1280.jpg\",\"contentUrl\":\"https:\/\/valdelysavocats.com\/wp-content\/uploads\/2024\/01\/divorce-2753151_1280.jpg\",\"width\":1280,\"height\":855},{\"@type\":\"BreadcrumbList\",\"@id\":\"https:\/\/valdelysavocats.com\/index.php\/le-divorce-pour-acceptation-du-principe-de-la-rupture-du-mariage\/#breadcrumb\",\"itemListElement\":[{\"@type\":\"ListItem\",\"position\":1,\"name\":\"Accueil\",\"item\":\"https:\/\/valdelysavocats.com\/\"},{\"@type\":\"ListItem\",\"position\":2,\"name\":\"Le divorce pour acceptation du principe de la rupture du mariage\"}]},{\"@type\":\"WebSite\",\"@id\":\"https:\/\/valdelysavocats.com\/#website\",\"url\":\"https:\/\/valdelysavocats.com\/\",\"name\":\"VAL DE LYS AVOCATS-COMINES-\",\"description\":\"Avocats Divorce Droit Administratif Droit du Travail Droit immobilier Droit des Victimes\",\"publisher\":{\"@id\":\"https:\/\/valdelysavocats.com\/#organization\"},\"potentialAction\":[{\"@type\":\"SearchAction\",\"target\":{\"@type\":\"EntryPoint\",\"urlTemplate\":\"https:\/\/valdelysavocats.com\/?s={search_term_string}\"},\"query-input\":{\"@type\":\"PropertyValueSpecification\",\"valueRequired\":true,\"valueName\":\"search_term_string\"}}],\"inLanguage\":\"fr-FR\"},{\"@type\":\"Organization\",\"@id\":\"https:\/\/valdelysavocats.com\/#organization\",\"name\":\"VAL DE LYS AVOCATS-COMINES-\",\"url\":\"https:\/\/valdelysavocats.com\/\",\"logo\":{\"@type\":\"ImageObject\",\"inLanguage\":\"fr-FR\",\"@id\":\"https:\/\/valdelysavocats.com\/#\/schema\/logo\/image\/\",\"url\":\"https:\/\/valdelysavocats.com\/wp-content\/uploads\/2023\/12\/cropped-cropped-cropped-logo-1-1.png\",\"contentUrl\":\"https:\/\/valdelysavocats.com\/wp-content\/uploads\/2023\/12\/cropped-cropped-cropped-logo-1-1.png\",\"width\":415,\"height\":417,\"caption\":\"VAL DE LYS AVOCATS-COMINES-\"},\"image\":{\"@id\":\"https:\/\/valdelysavocats.com\/#\/schema\/logo\/image\/\"}}]}<\/script>\n<!-- \/ Yoast SEO plugin. -->","yoast_head_json":{"title":"Le divorce pour acceptation du principe de la rupture du mariage - VAL DE LYS AVOCATS-COMINES-","robots":{"index":"index","follow":"follow","max-snippet":"max-snippet:-1","max-image-preview":"max-image-preview:large","max-video-preview":"max-video-preview:-1"},"canonical":"https:\/\/valdelysavocats.com\/index.php\/le-divorce-pour-acceptation-du-principe-de-la-rupture-du-mariage\/","og_locale":"fr_FR","og_type":"article","og_title":"Le divorce pour acceptation du principe de la rupture du mariage - VAL DE LYS AVOCATS-COMINES-","og_description":"Le divorce pour acceptation du principe de la rupture du mariage Vous \u00eates d&rsquo;accord avec votre \u00e9poux(se) pour divorce, cependant, vous \u00eates en d\u00e9saccord sur les cons\u00e9quences du divorce ( prestation compensatoire, r\u00e9sidence des enfants, pension alimentaire &#8230;). Les motifs du divorce ne seront pas \u00e9voqu\u00e9s. Vous pouvez engager cette proc\u00e9dure seule ou conjointement avec [&hellip;]","og_url":"https:\/\/valdelysavocats.com\/index.php\/le-divorce-pour-acceptation-du-principe-de-la-rupture-du-mariage\/","og_site_name":"VAL DE LYS AVOCATS-COMINES-","article_modified_time":"2024-01-28T16:58:59+00:00","og_image":[{"url":"https:\/\/valdelysavocats.com\/wp-content\/uploads\/2024\/01\/divorce-2753151_1280-1024x684.jpg","type":"","width":"","height":""}],"twitter_card":"summary_large_image","twitter_misc":{"Dur\u00e9e de lecture estim\u00e9e":"1 minute"},"schema":{"@context":"https:\/\/schema.org","@graph":[{"@type":"WebPage","@id":"https:\/\/valdelysavocats.com\/index.php\/le-divorce-pour-acceptation-du-principe-de-la-rupture-du-mariage\/","url":"https:\/\/valdelysavocats.com\/index.php\/le-divorce-pour-acceptation-du-principe-de-la-rupture-du-mariage\/","name":"Le divorce pour acceptation du principe de la rupture du mariage - VAL DE LYS AVOCATS-COMINES-","isPartOf":{"@id":"https:\/\/valdelysavocats.com\/#website"},"primaryImageOfPage":{"@id":"https:\/\/valdelysavocats.com\/index.php\/le-divorce-pour-acceptation-du-principe-de-la-rupture-du-mariage\/#primaryimage"},"image":{"@id":"https:\/\/valdelysavocats.com\/index.php\/le-divorce-pour-acceptation-du-principe-de-la-rupture-du-mariage\/#primaryimage"},"thumbnailUrl":"https:\/\/valdelysavocats.com\/wp-content\/uploads\/2024\/01\/divorce-2753151_1280-1024x684.jpg","datePublished":"2024-01-28T16:51:47+00:00","dateModified":"2024-01-28T16:58:59+00:00","breadcrumb":{"@id":"https:\/\/valdelysavocats.com\/index.php\/le-divorce-pour-acceptation-du-principe-de-la-rupture-du-mariage\/#breadcrumb"},"inLanguage":"fr-FR","potentialAction":[{"@type":"ReadAction","target":["https:\/\/valdelysavocats.com\/index.php\/le-divorce-pour-acceptation-du-principe-de-la-rupture-du-mariage\/"]}]},{"@type":"ImageObject","inLanguage":"fr-FR","@id":"https:\/\/valdelysavocats.com\/index.php\/le-divorce-pour-acceptation-du-principe-de-la-rupture-du-mariage\/#primaryimage","url":"https:\/\/valdelysavocats.com\/wp-content\/uploads\/2024\/01\/divorce-2753151_1280.jpg","contentUrl":"https:\/\/valdelysavocats.com\/wp-content\/uploads\/2024\/01\/divorce-2753151_1280.jpg","width":1280,"height":855},{"@type":"BreadcrumbList","@id":"https:\/\/valdelysavocats.com\/index.php\/le-divorce-pour-acceptation-du-principe-de-la-rupture-du-mariage\/#breadcrumb","itemListElement":[{"@type":"ListItem","position":1,"name":"Accueil","item":"https:\/\/valdelysavocats.com\/"},{"@type":"ListItem","position":2,"name":"Le divorce pour acceptation du principe de la rupture du mariage"}]},{"@type":"WebSite","@id":"https:\/\/valdelysavocats.com\/#website","url":"https:\/\/valdelysavocats.com\/","name":"VAL DE LYS AVOCATS-COMINES-","description":"Avocats Divorce Droit Administratif Droit du Travail Droit immobilier Droit des Victimes","publisher":{"@id":"https:\/\/valdelysavocats.com\/#organization"},"potentialAction":[{"@type":"SearchAction","target":{"@type":"EntryPoint","urlTemplate":"https:\/\/valdelysavocats.com\/?s={search_term_string}"},"query-input":{"@type":"PropertyValueSpecification","valueRequired":true,"valueName":"search_term_string"}}],"inLanguage":"fr-FR"},{"@type":"Organization","@id":"https:\/\/valdelysavocats.com\/#organization","name":"VAL DE LYS AVOCATS-COMINES-","url":"https:\/\/valdelysavocats.com\/","logo":{"@type":"ImageObject","inLanguage":"fr-FR","@id":"https:\/\/valdelysavocats.com\/#\/schema\/logo\/image\/","url":"https:\/\/valdelysavocats.com\/wp-content\/uploads\/2023\/12\/cropped-cropped-cropped-logo-1-1.png","contentUrl":"https:\/\/valdelysavocats.com\/wp-content\/uploads\/2023\/12\/cropped-cropped-cropped-logo-1-1.png","width":415,"height":417,"caption":"VAL DE LYS AVOCATS-COMINES-"},"image":{"@id":"https:\/\/valdelysavocats.com\/#\/schema\/logo\/image\/"}}]}},"_links":{"self":[{"href":"https:\/\/valdelysavocats.com\/index.php\/wp-json\/wp\/v2\/pages\/2137","targetHints":{"allow":["GET"]}}],"collection":[{"href":"https:\/\/valdelysavocats.com\/index.php\/wp-json\/wp\/v2\/pages"}],"about":[{"href":"https:\/\/valdelysavocats.com\/index.php\/wp-json\/wp\/v2\/types\/page"}],"author":[{"embeddable":true,"href":"https:\/\/valdelysavocats.com\/index.php\/wp-json\/wp\/v2\/users\/1"}],"replies":[{"embeddable":true,"href":"https:\/\/valdelysavocats.com\/index.php\/wp-json\/wp\/v2\/comments?post=2137"}],"version-history":[{"count":7,"href":"https:\/\/valdelysavocats.com\/index.php\/wp-json\/wp\/v2\/pages\/2137\/revisions"}],"predecessor-version":[{"id":2162,"href":"https:\/\/valdelysavocats.com\/index.php\/wp-json\/wp\/v2\/pages\/2137\/revisions\/2162"}],"wp:attachment":[{"href":"https:\/\/valdelysavocats.com\/index.php\/wp-json\/wp\/v2\/media?parent=2137"}],"curies":[{"name":"wp","href":"https:\/\/api.w.org\/{rel}","templated":true}]}}