{"id":2166,"date":"2024-01-28T19:27:10","date_gmt":"2024-01-28T18:27:10","guid":{"rendered":"https:\/\/valdelysavocats.com\/?page_id=2166"},"modified":"2024-02-01T13:47:20","modified_gmt":"2024-02-01T12:47:20","slug":"le-divorce-pour-faute","status":"publish","type":"page","link":"https:\/\/valdelysavocats.com\/index.php\/le-divorce-pour-faute\/","title":{"rendered":"Le divorce pour faute"},"content":{"rendered":"\t\t<div data-elementor-type=\"wp-page\" data-elementor-id=\"2166\" class=\"elementor elementor-2166\">\n\t\t\t\t<div class=\"elementor-element elementor-element-00829e1 e-flex e-con-boxed e-con e-parent\" data-id=\"00829e1\" data-element_type=\"container\">\n\t\t\t\t\t<div class=\"e-con-inner\">\n\t\t<div class=\"elementor-element elementor-element-5f8235a e-con-full e-flex e-con e-child\" data-id=\"5f8235a\" data-element_type=\"container\">\n\t\t\t\t<div class=\"elementor-element elementor-element-c475162 elementor-widget__width-initial elementor-widget elementor-widget-image\" data-id=\"c475162\" data-element_type=\"widget\" data-widget_type=\"image.default\">\n\t\t\t\t<div class=\"elementor-widget-container\">\n\t\t\t\t\t\t\t\t\t\t\t\t\t\t\t<img decoding=\"async\" src=\"https:\/\/valdelysavocats.com\/wp-content\/uploads\/elementor\/thumbs\/AdobeStock_77084103-scaled-qj63ls7uol2n50ei1fd0uie1v04pojnnrpjqrs8c8w.jpeg\" title=\"Divorce Letters on Black Background\" alt=\"Close up Businessman Arranging Small Wooden Pieces with Divorce Letters on Black Background.\" loading=\"lazy\" \/>\t\t\t\t\t\t\t\t\t\t\t\t\t\t\t<\/div>\n\t\t\t\t<\/div>\n\t\t\t\t<\/div>\n\t\t\t\t<div class=\"elementor-element elementor-element-8b588a2 elementor-widget elementor-widget-text-editor\" data-id=\"8b588a2\" data-element_type=\"widget\" data-widget_type=\"text-editor.default\">\n\t\t\t\t<div class=\"elementor-widget-container\">\n\t\t\t\t\t\t\t\t\t<p style=\"text-align: center;\"><strong>Le divorce pour faute\u00a0<\/strong><\/p><p>Votre \u00e9poux adopte un comportement grave et r\u00e9p\u00e9t\u00e9 contraire aux obligations du mariage ( fid\u00e9lit\u00e9 assistance secours respect ) qui rendent intol\u00e9rable le maintien de la vie commune , vous pouvez demander un divorce pour faute.\u00a0<\/p><p>Le juge aux affaires familiales appr\u00e9cie souverainement cette notion.\u00a0 Si les faits sont anciens, que la vie commune s&rsquo;est poursuivie, ils ne rendent pas intol\u00e9rable la vie commune. Il peut arriver que le comportement d&rsquo;un \u00e9poux (se) peut excuser les agissement de son conjoint.<\/p><p>La preuve de la faute peut se faire par tous moyens ( attestations, lettre, sms \u00e9chang\u00e9s &#8230;)<\/p><p>L&rsquo;\u00e9poux qui se voit imputer le divorce, peut \u00eatre condamn\u00e9 \u00e0 payer \u00e0 son conjoint des dommages int\u00e9r\u00eats soit li\u00e9s au pr\u00e9judice du fait du divorce, soit pour toute autre faute\u00a0<\/p>\t\t\t\t\t\t\t\t<\/div>\n\t\t\t\t<\/div>\n\t\t\t\t\t<\/div>\n\t\t\t\t<\/div>\n\t\t\t\t<\/div>\n\t\t","protected":false},"excerpt":{"rendered":"<p>Le divorce pour faute\u00a0 Votre \u00e9poux adopte un comportement grave et r\u00e9p\u00e9t\u00e9 contraire aux obligations du mariage ( fid\u00e9lit\u00e9 assistance secours respect ) qui rendent intol\u00e9rable le maintien de la vie commune , vous pouvez demander un divorce pour faute.\u00a0 Le juge aux affaires familiales appr\u00e9cie souverainement cette notion.\u00a0 Si les faits sont anciens, que [&hellip;]<\/p>\n","protected":false},"author":1,"featured_media":0,"parent":0,"menu_order":0,"comment_status":"closed","ping_status":"closed","template":"","meta":{"_monsterinsights_skip_tracking":false,"_monsterinsights_sitenote_active":false,"_monsterinsights_sitenote_note":"","_monsterinsights_sitenote_category":0,"site-sidebar-layout":"no-sidebar","site-content-layout":"page-builder","ast-site-content-layout":"full-width-container","site-content-style":"default","site-sidebar-style":"default","ast-global-header-display":"","ast-banner-title-visibility":"","ast-main-header-display":"","ast-hfb-above-header-display":"","ast-hfb-below-header-display":"","ast-hfb-mobile-header-display":"","site-post-title":"disabled","ast-breadcrumbs-content":"","ast-featured-img":"disabled","footer-sml-layout":"","theme-transparent-header-meta":"","adv-header-id-meta":"","stick-header-meta":"","header-above-stick-meta":"","header-main-stick-meta":"","header-below-stick-meta":"","astra-migrate-meta-layouts":"set","ast-page-background-enabled":"default","ast-page-background-meta":{"desktop":{"background-color":"","background-image":"","background-repeat":"repeat","background-position":"center center","background-size":"auto","background-attachment":"scroll","background-type":"","background-media":"","overlay-type":"","overlay-color":"","overlay-opacity":"","overlay-gradient":""},"tablet":{"background-color":"","background-image":"","background-repeat":"repeat","background-position":"center center","background-size":"auto","background-attachment":"scroll","background-type":"","background-media":"","overlay-type":"","overlay-color":"","overlay-opacity":"","overlay-gradient":""},"mobile":{"background-color":"","background-image":"","background-repeat":"repeat","background-position":"center center","background-size":"auto","background-attachment":"scroll","background-type":"","background-media":"","overlay-type":"","overlay-color":"","overlay-opacity":"","overlay-gradient":""}},"ast-content-background-meta":{"desktop":{"background-color":"var(--ast-global-color-5)","background-image":"","background-repeat":"repeat","background-position":"center center","background-size":"auto","background-attachment":"scroll","background-type":"","background-media":"","overlay-type":"","overlay-color":"","overlay-opacity":"","overlay-gradient":""},"tablet":{"background-color":"var(--ast-global-color-5)","background-image":"","background-repeat":"repeat","background-position":"center center","background-size":"auto","background-attachment":"scroll","background-type":"","background-media":"","overlay-type":"","overlay-color":"","overlay-opacity":"","overlay-gradient":""},"mobile":{"background-color":"var(--ast-global-color-5)","background-image":"","background-repeat":"repeat","background-position":"center center","background-size":"auto","background-attachment":"scroll","background-type":"","background-media":"","overlay-type":"","overlay-color":"","overlay-opacity":"","overlay-gradient":""}},"footnotes":""},"class_list":["post-2166","page","type-page","status-publish","hentry"],"yoast_head":"<!-- This site is optimized with the Yoast SEO plugin v24.4 - https:\/\/yoast.com\/wordpress\/plugins\/seo\/ -->\n<title>Le divorce pour faute - VAL DE LYS AVOCATS-COMINES-<\/title>\n<meta name=\"robots\" content=\"index, follow, max-snippet:-1, max-image-preview:large, max-video-preview:-1\" \/>\n<link rel=\"canonical\" href=\"https:\/\/valdelysavocats.com\/index.php\/le-divorce-pour-faute\/\" \/>\n<meta property=\"og:locale\" content=\"fr_FR\" \/>\n<meta property=\"og:type\" content=\"article\" \/>\n<meta property=\"og:title\" content=\"Le divorce pour faute - VAL DE LYS AVOCATS-COMINES-\" \/>\n<meta property=\"og:description\" content=\"Le divorce pour faute\u00a0 Votre \u00e9poux adopte un comportement grave et r\u00e9p\u00e9t\u00e9 contraire aux obligations du mariage ( fid\u00e9lit\u00e9 assistance secours respect ) qui rendent intol\u00e9rable le maintien de la vie commune , vous pouvez demander un divorce pour faute.\u00a0 Le juge aux affaires familiales appr\u00e9cie souverainement cette notion.\u00a0 Si les faits sont anciens, que [&hellip;]\" \/>\n<meta property=\"og:url\" content=\"https:\/\/valdelysavocats.com\/index.php\/le-divorce-pour-faute\/\" \/>\n<meta property=\"og:site_name\" content=\"VAL DE LYS AVOCATS-COMINES-\" \/>\n<meta property=\"article:modified_time\" content=\"2024-02-01T12:47:20+00:00\" \/>\n<meta property=\"og:image\" content=\"https:\/\/valdelysavocats.com\/wp-content\/uploads\/elementor\/thumbs\/AdobeStock_77084103-scaled-qj63ls7uol2n50ei1fd0uie1v04pojnnrpjqrs8c8w.jpeg\" \/>\n<meta name=\"twitter:card\" content=\"summary_large_image\" \/>\n<meta name=\"twitter:label1\" content=\"Dur\u00e9e de lecture estim\u00e9e\" \/>\n\t<meta name=\"twitter:data1\" content=\"1 minute\" \/>\n<script type=\"application\/ld+json\" class=\"yoast-schema-graph\">{\"@context\":\"https:\/\/schema.org\",\"@graph\":[{\"@type\":\"WebPage\",\"@id\":\"https:\/\/valdelysavocats.com\/index.php\/le-divorce-pour-faute\/\",\"url\":\"https:\/\/valdelysavocats.com\/index.php\/le-divorce-pour-faute\/\",\"name\":\"Le divorce pour faute - VAL DE LYS AVOCATS-COMINES-\",\"isPartOf\":{\"@id\":\"https:\/\/valdelysavocats.com\/#website\"},\"primaryImageOfPage\":{\"@id\":\"https:\/\/valdelysavocats.com\/index.php\/le-divorce-pour-faute\/#primaryimage\"},\"image\":{\"@id\":\"https:\/\/valdelysavocats.com\/index.php\/le-divorce-pour-faute\/#primaryimage\"},\"thumbnailUrl\":\"https:\/\/valdelysavocats.com\/wp-content\/uploads\/elementor\/thumbs\/AdobeStock_77084103-scaled-qj63ls7uol2n50ei1fd0uie1v04pojnnrpjqrs8c8w.jpeg\",\"datePublished\":\"2024-01-28T18:27:10+00:00\",\"dateModified\":\"2024-02-01T12:47:20+00:00\",\"breadcrumb\":{\"@id\":\"https:\/\/valdelysavocats.com\/index.php\/le-divorce-pour-faute\/#breadcrumb\"},\"inLanguage\":\"fr-FR\",\"potentialAction\":[{\"@type\":\"ReadAction\",\"target\":[\"https:\/\/valdelysavocats.com\/index.php\/le-divorce-pour-faute\/\"]}]},{\"@type\":\"ImageObject\",\"inLanguage\":\"fr-FR\",\"@id\":\"https:\/\/valdelysavocats.com\/index.php\/le-divorce-pour-faute\/#primaryimage\",\"url\":\"https:\/\/valdelysavocats.com\/wp-content\/uploads\/elementor\/thumbs\/AdobeStock_77084103-scaled-qj63ls7uol2n50ei1fd0uie1v04pojnnrpjqrs8c8w.jpeg\",\"contentUrl\":\"https:\/\/valdelysavocats.com\/wp-content\/uploads\/elementor\/thumbs\/AdobeStock_77084103-scaled-qj63ls7uol2n50ei1fd0uie1v04pojnnrpjqrs8c8w.jpeg\"},{\"@type\":\"BreadcrumbList\",\"@id\":\"https:\/\/valdelysavocats.com\/index.php\/le-divorce-pour-faute\/#breadcrumb\",\"itemListElement\":[{\"@type\":\"ListItem\",\"position\":1,\"name\":\"Accueil\",\"item\":\"https:\/\/valdelysavocats.com\/\"},{\"@type\":\"ListItem\",\"position\":2,\"name\":\"Le divorce pour faute\"}]},{\"@type\":\"WebSite\",\"@id\":\"https:\/\/valdelysavocats.com\/#website\",\"url\":\"https:\/\/valdelysavocats.com\/\",\"name\":\"VAL DE LYS AVOCATS-COMINES-\",\"description\":\"Avocats Divorce Droit Administratif Droit du Travail Droit immobilier Droit des Victimes\",\"publisher\":{\"@id\":\"https:\/\/valdelysavocats.com\/#organization\"},\"potentialAction\":[{\"@type\":\"SearchAction\",\"target\":{\"@type\":\"EntryPoint\",\"urlTemplate\":\"https:\/\/valdelysavocats.com\/?s={search_term_string}\"},\"query-input\":{\"@type\":\"PropertyValueSpecification\",\"valueRequired\":true,\"valueName\":\"search_term_string\"}}],\"inLanguage\":\"fr-FR\"},{\"@type\":\"Organization\",\"@id\":\"https:\/\/valdelysavocats.com\/#organization\",\"name\":\"VAL DE LYS AVOCATS-COMINES-\",\"url\":\"https:\/\/valdelysavocats.com\/\",\"logo\":{\"@type\":\"ImageObject\",\"inLanguage\":\"fr-FR\",\"@id\":\"https:\/\/valdelysavocats.com\/#\/schema\/logo\/image\/\",\"url\":\"https:\/\/valdelysavocats.com\/wp-content\/uploads\/2023\/12\/cropped-cropped-cropped-logo-1-1.png\",\"contentUrl\":\"https:\/\/valdelysavocats.com\/wp-content\/uploads\/2023\/12\/cropped-cropped-cropped-logo-1-1.png\",\"width\":415,\"height\":417,\"caption\":\"VAL DE LYS AVOCATS-COMINES-\"},\"image\":{\"@id\":\"https:\/\/valdelysavocats.com\/#\/schema\/logo\/image\/\"}}]}<\/script>\n<!-- \/ Yoast SEO plugin. -->","yoast_head_json":{"title":"Le divorce pour faute - VAL DE LYS AVOCATS-COMINES-","robots":{"index":"index","follow":"follow","max-snippet":"max-snippet:-1","max-image-preview":"max-image-preview:large","max-video-preview":"max-video-preview:-1"},"canonical":"https:\/\/valdelysavocats.com\/index.php\/le-divorce-pour-faute\/","og_locale":"fr_FR","og_type":"article","og_title":"Le divorce pour faute - VAL DE LYS AVOCATS-COMINES-","og_description":"Le divorce pour faute\u00a0 Votre \u00e9poux adopte un comportement grave et r\u00e9p\u00e9t\u00e9 contraire aux obligations du mariage ( fid\u00e9lit\u00e9 assistance secours respect ) qui rendent intol\u00e9rable le maintien de la vie commune , vous pouvez demander un divorce pour faute.\u00a0 Le juge aux affaires familiales appr\u00e9cie souverainement cette notion.\u00a0 Si les faits sont anciens, que [&hellip;]","og_url":"https:\/\/valdelysavocats.com\/index.php\/le-divorce-pour-faute\/","og_site_name":"VAL DE LYS AVOCATS-COMINES-","article_modified_time":"2024-02-01T12:47:20+00:00","og_image":[{"url":"https:\/\/valdelysavocats.com\/wp-content\/uploads\/elementor\/thumbs\/AdobeStock_77084103-scaled-qj63ls7uol2n50ei1fd0uie1v04pojnnrpjqrs8c8w.jpeg","type":"","width":"","height":""}],"twitter_card":"summary_large_image","twitter_misc":{"Dur\u00e9e de lecture estim\u00e9e":"1 minute"},"schema":{"@context":"https:\/\/schema.org","@graph":[{"@type":"WebPage","@id":"https:\/\/valdelysavocats.com\/index.php\/le-divorce-pour-faute\/","url":"https:\/\/valdelysavocats.com\/index.php\/le-divorce-pour-faute\/","name":"Le divorce pour faute - VAL DE LYS AVOCATS-COMINES-","isPartOf":{"@id":"https:\/\/valdelysavocats.com\/#website"},"primaryImageOfPage":{"@id":"https:\/\/valdelysavocats.com\/index.php\/le-divorce-pour-faute\/#primaryimage"},"image":{"@id":"https:\/\/valdelysavocats.com\/index.php\/le-divorce-pour-faute\/#primaryimage"},"thumbnailUrl":"https:\/\/valdelysavocats.com\/wp-content\/uploads\/elementor\/thumbs\/AdobeStock_77084103-scaled-qj63ls7uol2n50ei1fd0uie1v04pojnnrpjqrs8c8w.jpeg","datePublished":"2024-01-28T18:27:10+00:00","dateModified":"2024-02-01T12:47:20+00:00","breadcrumb":{"@id":"https:\/\/valdelysavocats.com\/index.php\/le-divorce-pour-faute\/#breadcrumb"},"inLanguage":"fr-FR","potentialAction":[{"@type":"ReadAction","target":["https:\/\/valdelysavocats.com\/index.php\/le-divorce-pour-faute\/"]}]},{"@type":"ImageObject","inLanguage":"fr-FR","@id":"https:\/\/valdelysavocats.com\/index.php\/le-divorce-pour-faute\/#primaryimage","url":"https:\/\/valdelysavocats.com\/wp-content\/uploads\/elementor\/thumbs\/AdobeStock_77084103-scaled-qj63ls7uol2n50ei1fd0uie1v04pojnnrpjqrs8c8w.jpeg","contentUrl":"https:\/\/valdelysavocats.com\/wp-content\/uploads\/elementor\/thumbs\/AdobeStock_77084103-scaled-qj63ls7uol2n50ei1fd0uie1v04pojnnrpjqrs8c8w.jpeg"},{"@type":"BreadcrumbList","@id":"https:\/\/valdelysavocats.com\/index.php\/le-divorce-pour-faute\/#breadcrumb","itemListElement":[{"@type":"ListItem","position":1,"name":"Accueil","item":"https:\/\/valdelysavocats.com\/"},{"@type":"ListItem","position":2,"name":"Le divorce pour faute"}]},{"@type":"WebSite","@id":"https:\/\/valdelysavocats.com\/#website","url":"https:\/\/valdelysavocats.com\/","name":"VAL DE LYS AVOCATS-COMINES-","description":"Avocats Divorce Droit Administratif Droit du Travail Droit immobilier Droit des Victimes","publisher":{"@id":"https:\/\/valdelysavocats.com\/#organization"},"potentialAction":[{"@type":"SearchAction","target":{"@type":"EntryPoint","urlTemplate":"https:\/\/valdelysavocats.com\/?s={search_term_string}"},"query-input":{"@type":"PropertyValueSpecification","valueRequired":true,"valueName":"search_term_string"}}],"inLanguage":"fr-FR"},{"@type":"Organization","@id":"https:\/\/valdelysavocats.com\/#organization","name":"VAL DE LYS AVOCATS-COMINES-","url":"https:\/\/valdelysavocats.com\/","logo":{"@type":"ImageObject","inLanguage":"fr-FR","@id":"https:\/\/valdelysavocats.com\/#\/schema\/logo\/image\/","url":"https:\/\/valdelysavocats.com\/wp-content\/uploads\/2023\/12\/cropped-cropped-cropped-logo-1-1.png","contentUrl":"https:\/\/valdelysavocats.com\/wp-content\/uploads\/2023\/12\/cropped-cropped-cropped-logo-1-1.png","width":415,"height":417,"caption":"VAL DE LYS AVOCATS-COMINES-"},"image":{"@id":"https:\/\/valdelysavocats.com\/#\/schema\/logo\/image\/"}}]}},"_links":{"self":[{"href":"https:\/\/valdelysavocats.com\/index.php\/wp-json\/wp\/v2\/pages\/2166","targetHints":{"allow":["GET"]}}],"collection":[{"href":"https:\/\/valdelysavocats.com\/index.php\/wp-json\/wp\/v2\/pages"}],"about":[{"href":"https:\/\/valdelysavocats.com\/index.php\/wp-json\/wp\/v2\/types\/page"}],"author":[{"embeddable":true,"href":"https:\/\/valdelysavocats.com\/index.php\/wp-json\/wp\/v2\/users\/1"}],"replies":[{"embeddable":true,"href":"https:\/\/valdelysavocats.com\/index.php\/wp-json\/wp\/v2\/comments?post=2166"}],"version-history":[{"count":10,"href":"https:\/\/valdelysavocats.com\/index.php\/wp-json\/wp\/v2\/pages\/2166\/revisions"}],"predecessor-version":[{"id":2316,"href":"https:\/\/valdelysavocats.com\/index.php\/wp-json\/wp\/v2\/pages\/2166\/revisions\/2316"}],"wp:attachment":[{"href":"https:\/\/valdelysavocats.com\/index.php\/wp-json\/wp\/v2\/media?parent=2166"}],"curies":[{"name":"wp","href":"https:\/\/api.w.org\/{rel}","templated":true}]}}