{"id":2187,"date":"2024-01-28T19:43:08","date_gmt":"2024-01-28T18:43:08","guid":{"rendered":"https:\/\/valdelysavocats.com\/?page_id=2187"},"modified":"2024-01-28T19:50:25","modified_gmt":"2024-01-28T18:50:25","slug":"le-divorce-par-consentement-mutuel","status":"publish","type":"page","link":"https:\/\/valdelysavocats.com\/index.php\/le-divorce-par-consentement-mutuel\/","title":{"rendered":"Le divorce par consentement mutuel"},"content":{"rendered":"\t\t<div data-elementor-type=\"wp-page\" data-elementor-id=\"2187\" class=\"elementor elementor-2187\">\n\t\t\t\t<div class=\"elementor-element elementor-element-faaaf1f e-flex e-con-boxed e-con e-parent\" data-id=\"faaaf1f\" data-element_type=\"container\">\n\t\t\t\t\t<div class=\"e-con-inner\">\n\t\t<div class=\"elementor-element elementor-element-946d9ce e-con-full e-flex e-con e-child\" data-id=\"946d9ce\" data-element_type=\"container\">\n\t\t\t\t<div class=\"elementor-element elementor-element-ca6855b elementor-widget elementor-widget-image\" data-id=\"ca6855b\" data-element_type=\"widget\" data-widget_type=\"image.default\">\n\t\t\t\t<div class=\"elementor-widget-container\">\n\t\t\t\t\t\t\t\t\t\t\t\t\t\t\t<img fetchpriority=\"high\" decoding=\"async\" width=\"1024\" height=\"683\" src=\"https:\/\/valdelysavocats.com\/wp-content\/uploads\/2024\/01\/wife-signing-divorce-decree-after-break-up-decision-1024x683.jpg\" class=\"attachment-large size-large wp-image-2189\" alt=\"\" srcset=\"https:\/\/valdelysavocats.com\/wp-content\/uploads\/2024\/01\/wife-signing-divorce-decree-after-break-up-decision-1024x683.jpg 1024w, https:\/\/valdelysavocats.com\/wp-content\/uploads\/2024\/01\/wife-signing-divorce-decree-after-break-up-decision-300x200.jpg 300w, https:\/\/valdelysavocats.com\/wp-content\/uploads\/2024\/01\/wife-signing-divorce-decree-after-break-up-decision-768x512.jpg 768w, https:\/\/valdelysavocats.com\/wp-content\/uploads\/2024\/01\/wife-signing-divorce-decree-after-break-up-decision-1536x1024.jpg 1536w, https:\/\/valdelysavocats.com\/wp-content\/uploads\/2024\/01\/wife-signing-divorce-decree-after-break-up-decision-2048x1365.jpg 2048w\" sizes=\"(max-width: 1024px) 100vw, 1024px\" \/>\t\t\t\t\t\t\t\t\t\t\t\t\t\t\t<\/div>\n\t\t\t\t<\/div>\n\t\t\t\t<\/div>\n\t\t<div class=\"elementor-element elementor-element-82b40bd e-con-full e-flex e-con e-child\" data-id=\"82b40bd\" data-element_type=\"container\">\n\t\t\t\t<div class=\"elementor-element elementor-element-33d4815 elementor-widget elementor-widget-heading\" data-id=\"33d4815\" data-element_type=\"widget\" data-widget_type=\"heading.default\">\n\t\t\t\t<div class=\"elementor-widget-container\">\n\t\t\t\t\t<h3 class=\"elementor-heading-title elementor-size-default\">Le divorce par consentement mutuel <\/h3>\t\t\t\t<\/div>\n\t\t\t\t<\/div>\n\t\t\t\t<div class=\"elementor-element elementor-element-09e9943 elementor-widget elementor-widget-text-editor\" data-id=\"09e9943\" data-element_type=\"widget\" data-widget_type=\"text-editor.default\">\n\t\t\t\t<div class=\"elementor-widget-container\">\n\t\t\t\t\t\t\t\t\t<p>Vous \u00eates d&rsquo;accord pour divorcer ainsi que sur les cons\u00e9quences du divorce.<\/p><p>La proc\u00e9dure est simple, vous signez une convention \u00e9tablie par vos avocats, d\u00e9pos\u00e9e et enregistr\u00e9e par notaire.<\/p><p>Le divorce par consentement mutuel sera judiciaire si vos enfants demandent \u00e0 \u00eatre entendus.<\/p><p>Le divorce par consentement n&rsquo;est pas possible si vous \u00eates sous tutelle ou sous curatelle.<\/p>\t\t\t\t\t\t\t\t<\/div>\n\t\t\t\t<\/div>\n\t\t\t\t<\/div>\n\t\t\t\t\t<\/div>\n\t\t\t\t<\/div>\n\t\t\t\t<\/div>\n\t\t","protected":false},"excerpt":{"rendered":"<p>Le divorce par consentement mutuel Vous \u00eates d&rsquo;accord pour divorcer ainsi que sur les cons\u00e9quences du divorce. La proc\u00e9dure est simple, vous signez une convention \u00e9tablie par vos avocats, d\u00e9pos\u00e9e et enregistr\u00e9e par notaire. Le divorce par consentement mutuel sera judiciaire si vos enfants demandent \u00e0 \u00eatre entendus. Le divorce par consentement n&rsquo;est pas possible [&hellip;]<\/p>\n","protected":false},"author":1,"featured_media":0,"parent":0,"menu_order":0,"comment_status":"closed","ping_status":"closed","template":"","meta":{"_monsterinsights_skip_tracking":false,"_monsterinsights_sitenote_active":false,"_monsterinsights_sitenote_note":"","_monsterinsights_sitenote_category":0,"site-sidebar-layout":"no-sidebar","site-content-layout":"page-builder","ast-site-content-layout":"full-width-container","site-content-style":"default","site-sidebar-style":"default","ast-global-header-display":"","ast-banner-title-visibility":"","ast-main-header-display":"","ast-hfb-above-header-display":"","ast-hfb-below-header-display":"","ast-hfb-mobile-header-display":"","site-post-title":"disabled","ast-breadcrumbs-content":"","ast-featured-img":"disabled","footer-sml-layout":"","theme-transparent-header-meta":"","adv-header-id-meta":"","stick-header-meta":"","header-above-stick-meta":"","header-main-stick-meta":"","header-below-stick-meta":"","astra-migrate-meta-layouts":"set","ast-page-background-enabled":"default","ast-page-background-meta":{"desktop":{"background-color":"","background-image":"","background-repeat":"repeat","background-position":"center center","background-size":"auto","background-attachment":"scroll","background-type":"","background-media":"","overlay-type":"","overlay-color":"","overlay-opacity":"","overlay-gradient":""},"tablet":{"background-color":"","background-image":"","background-repeat":"repeat","background-position":"center center","background-size":"auto","background-attachment":"scroll","background-type":"","background-media":"","overlay-type":"","overlay-color":"","overlay-opacity":"","overlay-gradient":""},"mobile":{"background-color":"","background-image":"","background-repeat":"repeat","background-position":"center center","background-size":"auto","background-attachment":"scroll","background-type":"","background-media":"","overlay-type":"","overlay-color":"","overlay-opacity":"","overlay-gradient":""}},"ast-content-background-meta":{"desktop":{"background-color":"var(--ast-global-color-5)","background-image":"","background-repeat":"repeat","background-position":"center center","background-size":"auto","background-attachment":"scroll","background-type":"","background-media":"","overlay-type":"","overlay-color":"","overlay-opacity":"","overlay-gradient":""},"tablet":{"background-color":"var(--ast-global-color-5)","background-image":"","background-repeat":"repeat","background-position":"center center","background-size":"auto","background-attachment":"scroll","background-type":"","background-media":"","overlay-type":"","overlay-color":"","overlay-opacity":"","overlay-gradient":""},"mobile":{"background-color":"var(--ast-global-color-5)","background-image":"","background-repeat":"repeat","background-position":"center center","background-size":"auto","background-attachment":"scroll","background-type":"","background-media":"","overlay-type":"","overlay-color":"","overlay-opacity":"","overlay-gradient":""}},"footnotes":""},"class_list":["post-2187","page","type-page","status-publish","hentry"],"yoast_head":"<!-- This site is optimized with the Yoast SEO plugin v24.4 - https:\/\/yoast.com\/wordpress\/plugins\/seo\/ -->\n<title>Le divorce par consentement mutuel - VAL DE LYS AVOCATS-COMINES-<\/title>\n<meta name=\"robots\" content=\"index, follow, max-snippet:-1, max-image-preview:large, max-video-preview:-1\" \/>\n<link rel=\"canonical\" href=\"https:\/\/valdelysavocats.com\/index.php\/le-divorce-par-consentement-mutuel\/\" \/>\n<meta property=\"og:locale\" content=\"fr_FR\" \/>\n<meta property=\"og:type\" content=\"article\" \/>\n<meta property=\"og:title\" content=\"Le divorce par consentement mutuel - VAL DE LYS AVOCATS-COMINES-\" \/>\n<meta property=\"og:description\" content=\"Le divorce par consentement mutuel Vous \u00eates d&rsquo;accord pour divorcer ainsi que sur les cons\u00e9quences du divorce. La proc\u00e9dure est simple, vous signez une convention \u00e9tablie par vos avocats, d\u00e9pos\u00e9e et enregistr\u00e9e par notaire. Le divorce par consentement mutuel sera judiciaire si vos enfants demandent \u00e0 \u00eatre entendus. Le divorce par consentement n&rsquo;est pas possible [&hellip;]\" \/>\n<meta property=\"og:url\" content=\"https:\/\/valdelysavocats.com\/index.php\/le-divorce-par-consentement-mutuel\/\" \/>\n<meta property=\"og:site_name\" content=\"VAL DE LYS AVOCATS-COMINES-\" \/>\n<meta property=\"article:modified_time\" content=\"2024-01-28T18:50:25+00:00\" \/>\n<meta property=\"og:image\" content=\"https:\/\/valdelysavocats.com\/wp-content\/uploads\/2024\/01\/wife-signing-divorce-decree-after-break-up-decision-1024x683.jpg\" \/>\n<meta name=\"twitter:card\" content=\"summary_large_image\" \/>\n<script type=\"application\/ld+json\" class=\"yoast-schema-graph\">{\"@context\":\"https:\/\/schema.org\",\"@graph\":[{\"@type\":\"WebPage\",\"@id\":\"https:\/\/valdelysavocats.com\/index.php\/le-divorce-par-consentement-mutuel\/\",\"url\":\"https:\/\/valdelysavocats.com\/index.php\/le-divorce-par-consentement-mutuel\/\",\"name\":\"Le divorce par consentement mutuel - VAL DE LYS AVOCATS-COMINES-\",\"isPartOf\":{\"@id\":\"https:\/\/valdelysavocats.com\/#website\"},\"primaryImageOfPage\":{\"@id\":\"https:\/\/valdelysavocats.com\/index.php\/le-divorce-par-consentement-mutuel\/#primaryimage\"},\"image\":{\"@id\":\"https:\/\/valdelysavocats.com\/index.php\/le-divorce-par-consentement-mutuel\/#primaryimage\"},\"thumbnailUrl\":\"https:\/\/valdelysavocats.com\/wp-content\/uploads\/2024\/01\/wife-signing-divorce-decree-after-break-up-decision-1024x683.jpg\",\"datePublished\":\"2024-01-28T18:43:08+00:00\",\"dateModified\":\"2024-01-28T18:50:25+00:00\",\"breadcrumb\":{\"@id\":\"https:\/\/valdelysavocats.com\/index.php\/le-divorce-par-consentement-mutuel\/#breadcrumb\"},\"inLanguage\":\"fr-FR\",\"potentialAction\":[{\"@type\":\"ReadAction\",\"target\":[\"https:\/\/valdelysavocats.com\/index.php\/le-divorce-par-consentement-mutuel\/\"]}]},{\"@type\":\"ImageObject\",\"inLanguage\":\"fr-FR\",\"@id\":\"https:\/\/valdelysavocats.com\/index.php\/le-divorce-par-consentement-mutuel\/#primaryimage\",\"url\":\"https:\/\/valdelysavocats.com\/wp-content\/uploads\/2024\/01\/wife-signing-divorce-decree-after-break-up-decision-scaled.jpg\",\"contentUrl\":\"https:\/\/valdelysavocats.com\/wp-content\/uploads\/2024\/01\/wife-signing-divorce-decree-after-break-up-decision-scaled.jpg\",\"width\":2560,\"height\":1707,\"caption\":\"Wife signing divorce decree after break up decision\"},{\"@type\":\"BreadcrumbList\",\"@id\":\"https:\/\/valdelysavocats.com\/index.php\/le-divorce-par-consentement-mutuel\/#breadcrumb\",\"itemListElement\":[{\"@type\":\"ListItem\",\"position\":1,\"name\":\"Accueil\",\"item\":\"https:\/\/valdelysavocats.com\/\"},{\"@type\":\"ListItem\",\"position\":2,\"name\":\"Le divorce par consentement mutuel\"}]},{\"@type\":\"WebSite\",\"@id\":\"https:\/\/valdelysavocats.com\/#website\",\"url\":\"https:\/\/valdelysavocats.com\/\",\"name\":\"VAL DE LYS AVOCATS-COMINES-\",\"description\":\"Avocats Divorce Droit Administratif Droit du Travail Droit immobilier Droit des Victimes\",\"publisher\":{\"@id\":\"https:\/\/valdelysavocats.com\/#organization\"},\"potentialAction\":[{\"@type\":\"SearchAction\",\"target\":{\"@type\":\"EntryPoint\",\"urlTemplate\":\"https:\/\/valdelysavocats.com\/?s={search_term_string}\"},\"query-input\":{\"@type\":\"PropertyValueSpecification\",\"valueRequired\":true,\"valueName\":\"search_term_string\"}}],\"inLanguage\":\"fr-FR\"},{\"@type\":\"Organization\",\"@id\":\"https:\/\/valdelysavocats.com\/#organization\",\"name\":\"VAL DE LYS AVOCATS-COMINES-\",\"url\":\"https:\/\/valdelysavocats.com\/\",\"logo\":{\"@type\":\"ImageObject\",\"inLanguage\":\"fr-FR\",\"@id\":\"https:\/\/valdelysavocats.com\/#\/schema\/logo\/image\/\",\"url\":\"https:\/\/valdelysavocats.com\/wp-content\/uploads\/2023\/12\/cropped-cropped-cropped-logo-1-1.png\",\"contentUrl\":\"https:\/\/valdelysavocats.com\/wp-content\/uploads\/2023\/12\/cropped-cropped-cropped-logo-1-1.png\",\"width\":415,\"height\":417,\"caption\":\"VAL DE LYS AVOCATS-COMINES-\"},\"image\":{\"@id\":\"https:\/\/valdelysavocats.com\/#\/schema\/logo\/image\/\"}}]}<\/script>\n<!-- \/ Yoast SEO plugin. -->","yoast_head_json":{"title":"Le divorce par consentement mutuel - VAL DE LYS AVOCATS-COMINES-","robots":{"index":"index","follow":"follow","max-snippet":"max-snippet:-1","max-image-preview":"max-image-preview:large","max-video-preview":"max-video-preview:-1"},"canonical":"https:\/\/valdelysavocats.com\/index.php\/le-divorce-par-consentement-mutuel\/","og_locale":"fr_FR","og_type":"article","og_title":"Le divorce par consentement mutuel - VAL DE LYS AVOCATS-COMINES-","og_description":"Le divorce par consentement mutuel Vous \u00eates d&rsquo;accord pour divorcer ainsi que sur les cons\u00e9quences du divorce. La proc\u00e9dure est simple, vous signez une convention \u00e9tablie par vos avocats, d\u00e9pos\u00e9e et enregistr\u00e9e par notaire. Le divorce par consentement mutuel sera judiciaire si vos enfants demandent \u00e0 \u00eatre entendus. Le divorce par consentement n&rsquo;est pas possible [&hellip;]","og_url":"https:\/\/valdelysavocats.com\/index.php\/le-divorce-par-consentement-mutuel\/","og_site_name":"VAL DE LYS AVOCATS-COMINES-","article_modified_time":"2024-01-28T18:50:25+00:00","og_image":[{"url":"https:\/\/valdelysavocats.com\/wp-content\/uploads\/2024\/01\/wife-signing-divorce-decree-after-break-up-decision-1024x683.jpg","type":"","width":"","height":""}],"twitter_card":"summary_large_image","schema":{"@context":"https:\/\/schema.org","@graph":[{"@type":"WebPage","@id":"https:\/\/valdelysavocats.com\/index.php\/le-divorce-par-consentement-mutuel\/","url":"https:\/\/valdelysavocats.com\/index.php\/le-divorce-par-consentement-mutuel\/","name":"Le divorce par consentement mutuel - VAL DE LYS AVOCATS-COMINES-","isPartOf":{"@id":"https:\/\/valdelysavocats.com\/#website"},"primaryImageOfPage":{"@id":"https:\/\/valdelysavocats.com\/index.php\/le-divorce-par-consentement-mutuel\/#primaryimage"},"image":{"@id":"https:\/\/valdelysavocats.com\/index.php\/le-divorce-par-consentement-mutuel\/#primaryimage"},"thumbnailUrl":"https:\/\/valdelysavocats.com\/wp-content\/uploads\/2024\/01\/wife-signing-divorce-decree-after-break-up-decision-1024x683.jpg","datePublished":"2024-01-28T18:43:08+00:00","dateModified":"2024-01-28T18:50:25+00:00","breadcrumb":{"@id":"https:\/\/valdelysavocats.com\/index.php\/le-divorce-par-consentement-mutuel\/#breadcrumb"},"inLanguage":"fr-FR","potentialAction":[{"@type":"ReadAction","target":["https:\/\/valdelysavocats.com\/index.php\/le-divorce-par-consentement-mutuel\/"]}]},{"@type":"ImageObject","inLanguage":"fr-FR","@id":"https:\/\/valdelysavocats.com\/index.php\/le-divorce-par-consentement-mutuel\/#primaryimage","url":"https:\/\/valdelysavocats.com\/wp-content\/uploads\/2024\/01\/wife-signing-divorce-decree-after-break-up-decision-scaled.jpg","contentUrl":"https:\/\/valdelysavocats.com\/wp-content\/uploads\/2024\/01\/wife-signing-divorce-decree-after-break-up-decision-scaled.jpg","width":2560,"height":1707,"caption":"Wife signing divorce decree after break up decision"},{"@type":"BreadcrumbList","@id":"https:\/\/valdelysavocats.com\/index.php\/le-divorce-par-consentement-mutuel\/#breadcrumb","itemListElement":[{"@type":"ListItem","position":1,"name":"Accueil","item":"https:\/\/valdelysavocats.com\/"},{"@type":"ListItem","position":2,"name":"Le divorce par consentement mutuel"}]},{"@type":"WebSite","@id":"https:\/\/valdelysavocats.com\/#website","url":"https:\/\/valdelysavocats.com\/","name":"VAL DE LYS AVOCATS-COMINES-","description":"Avocats Divorce Droit Administratif Droit du Travail Droit immobilier Droit des Victimes","publisher":{"@id":"https:\/\/valdelysavocats.com\/#organization"},"potentialAction":[{"@type":"SearchAction","target":{"@type":"EntryPoint","urlTemplate":"https:\/\/valdelysavocats.com\/?s={search_term_string}"},"query-input":{"@type":"PropertyValueSpecification","valueRequired":true,"valueName":"search_term_string"}}],"inLanguage":"fr-FR"},{"@type":"Organization","@id":"https:\/\/valdelysavocats.com\/#organization","name":"VAL DE LYS AVOCATS-COMINES-","url":"https:\/\/valdelysavocats.com\/","logo":{"@type":"ImageObject","inLanguage":"fr-FR","@id":"https:\/\/valdelysavocats.com\/#\/schema\/logo\/image\/","url":"https:\/\/valdelysavocats.com\/wp-content\/uploads\/2023\/12\/cropped-cropped-cropped-logo-1-1.png","contentUrl":"https:\/\/valdelysavocats.com\/wp-content\/uploads\/2023\/12\/cropped-cropped-cropped-logo-1-1.png","width":415,"height":417,"caption":"VAL DE LYS AVOCATS-COMINES-"},"image":{"@id":"https:\/\/valdelysavocats.com\/#\/schema\/logo\/image\/"}}]}},"_links":{"self":[{"href":"https:\/\/valdelysavocats.com\/index.php\/wp-json\/wp\/v2\/pages\/2187","targetHints":{"allow":["GET"]}}],"collection":[{"href":"https:\/\/valdelysavocats.com\/index.php\/wp-json\/wp\/v2\/pages"}],"about":[{"href":"https:\/\/valdelysavocats.com\/index.php\/wp-json\/wp\/v2\/types\/page"}],"author":[{"embeddable":true,"href":"https:\/\/valdelysavocats.com\/index.php\/wp-json\/wp\/v2\/users\/1"}],"replies":[{"embeddable":true,"href":"https:\/\/valdelysavocats.com\/index.php\/wp-json\/wp\/v2\/comments?post=2187"}],"version-history":[{"count":4,"href":"https:\/\/valdelysavocats.com\/index.php\/wp-json\/wp\/v2\/pages\/2187\/revisions"}],"predecessor-version":[{"id":2192,"href":"https:\/\/valdelysavocats.com\/index.php\/wp-json\/wp\/v2\/pages\/2187\/revisions\/2192"}],"wp:attachment":[{"href":"https:\/\/valdelysavocats.com\/index.php\/wp-json\/wp\/v2\/media?parent=2187"}],"curies":[{"name":"wp","href":"https:\/\/api.w.org\/{rel}","templated":true}]}}