{"id":2196,"date":"2024-01-28T19:53:17","date_gmt":"2024-01-28T18:53:17","guid":{"rendered":"https:\/\/valdelysavocats.com\/?page_id=2196"},"modified":"2024-01-28T21:18:08","modified_gmt":"2024-01-28T20:18:08","slug":"lordonnance-de-protection","status":"publish","type":"page","link":"https:\/\/valdelysavocats.com\/index.php\/lordonnance-de-protection\/","title":{"rendered":"L&rsquo;ordonnance de protection"},"content":{"rendered":"\t\t<div data-elementor-type=\"wp-page\" data-elementor-id=\"2196\" class=\"elementor elementor-2196\">\n\t\t\t\t<div class=\"elementor-element elementor-element-034283d e-flex e-con-boxed e-con e-parent\" data-id=\"034283d\" data-element_type=\"container\">\n\t\t\t\t\t<div class=\"e-con-inner\">\n\t\t<div class=\"elementor-element elementor-element-f2e18a6 e-con-full e-flex e-con e-child\" data-id=\"f2e18a6\" data-element_type=\"container\">\n\t\t\t\t<div class=\"elementor-element elementor-element-f211e70 elementor-widget elementor-widget-image\" data-id=\"f211e70\" data-element_type=\"widget\" data-widget_type=\"image.default\">\n\t\t\t\t<div class=\"elementor-widget-container\">\n\t\t\t\t\t\t\t\t\t\t\t\t\t\t\t<img fetchpriority=\"high\" decoding=\"async\" width=\"1024\" height=\"683\" src=\"https:\/\/valdelysavocats.com\/wp-content\/uploads\/2023\/12\/jeune-enfant-victime-violence-physique-part-ses-parents-1024x683.jpg\" class=\"attachment-large size-large wp-image-1648\" alt=\"\" srcset=\"https:\/\/valdelysavocats.com\/wp-content\/uploads\/2023\/12\/jeune-enfant-victime-violence-physique-part-ses-parents-1024x683.jpg 1024w, https:\/\/valdelysavocats.com\/wp-content\/uploads\/2023\/12\/jeune-enfant-victime-violence-physique-part-ses-parents-300x200.jpg 300w, https:\/\/valdelysavocats.com\/wp-content\/uploads\/2023\/12\/jeune-enfant-victime-violence-physique-part-ses-parents-768x512.jpg 768w, https:\/\/valdelysavocats.com\/wp-content\/uploads\/2023\/12\/jeune-enfant-victime-violence-physique-part-ses-parents-1536x1024.jpg 1536w, https:\/\/valdelysavocats.com\/wp-content\/uploads\/2023\/12\/jeune-enfant-victime-violence-physique-part-ses-parents-2048x1366.jpg 2048w\" sizes=\"(max-width: 1024px) 100vw, 1024px\" \/>\t\t\t\t\t\t\t\t\t\t\t\t\t\t\t<\/div>\n\t\t\t\t<\/div>\n\t\t\t\t<\/div>\n\t\t<div class=\"elementor-element elementor-element-97f0d96 e-con-full e-flex e-con e-child\" data-id=\"97f0d96\" data-element_type=\"container\">\n\t\t\t\t<div class=\"elementor-element elementor-element-f7b712b elementor-widget elementor-widget-heading\" data-id=\"f7b712b\" data-element_type=\"widget\" data-widget_type=\"heading.default\">\n\t\t\t\t<div class=\"elementor-widget-container\">\n\t\t\t\t\t<h3 class=\"elementor-heading-title elementor-size-default\">L'ordonnance de protection <\/h3>\t\t\t\t<\/div>\n\t\t\t\t<\/div>\n\t\t\t\t<div class=\"elementor-element elementor-element-d9d4bf3 elementor-widget elementor-widget-text-editor\" data-id=\"d9d4bf3\" data-element_type=\"widget\" data-widget_type=\"text-editor.default\">\n\t\t\t\t<div class=\"elementor-widget-container\">\n\t\t\t\t\t\t\t\t\t<p>Toute personne victime de violences exerc\u00e9es exerc\u00e9es au sein du couple,<span style=\"color: #e0bb16;\"> actuel<\/span> ou <span style=\"color: #e0bb16;\">ancien&nbsp;<span style=\"color: #000000;\">peut demander au juge aux affaires familiales , une ordonnance de protection.<\/span><\/span><\/p>\n<p><span style=\"color: #e0bb16;\"><span style=\"color: #000000;\">Les violences peuvent \u00eatre physiques, psychologiques, \u00e9conomiques, sexuelles et doivent mettre en danger la victime et\/ou ses enfants<span style=\"color: #000000;\">. Il n&rsquo;est pas n\u00e9cessaire qu&rsquo;une plainte soit d\u00e9pos\u00e9e aupr\u00e8s des services de police.<\/span><\/span><\/span><\/p>\n<p>Le juge aux affaires familiales peut prononcer \u00e0 l&rsquo;encontre de l&rsquo;\u00e9poux(se) violent :&nbsp;<\/p><p>&#8211; interdiction d&rsquo;entrer en contact<\/p><p>&#8211; interdiction de se rendre au domicile<\/p><p>&#8211; interdiction de d\u00e9tenir ou porter une arme&nbsp;<\/p><p>&#8211; une prise en charge sanitaire, sociale ou psychologique<\/p><p>&#8211; interdiction de se rapprocher de la victime assortie de l&rsquo;obligation de porter un bracelet anti-rapprochement. Cette mesure est prononc\u00e9 avec le consentement libre et \u00e9claire des deux parties.<\/p><p>La victime peut \u00eatre autoris\u00e9e \u00e0 dissimuler son adresse et \u00e9lire domicile chez son avocat.<\/p><p>Le logement commun est attribu\u00e9 \u00e0 la victime.<\/p><p>Si vous avez des enfants, l&rsquo;ordonnance de protection fixe les mesures relatives \u00e0 l&rsquo;exercice de l&rsquo;autorit\u00e9 parentale, r\u00e9sidence et droit de visite et d&rsquo;h\u00e9bergement, contribution \u00e0 l&rsquo;entretien et l&rsquo;\u00e9ducation de l&rsquo;enfant .<\/p>\t\t\t\t\t\t\t\t<\/div>\n\t\t\t\t<\/div>\n\t\t\t\t<\/div>\n\t\t\t\t\t<\/div>\n\t\t\t\t<\/div>\n\t\t\t\t<\/div>\n\t\t","protected":false},"excerpt":{"rendered":"<p>L&rsquo;ordonnance de protection Toute personne victime de violences exerc\u00e9es exerc\u00e9es au sein du couple, actuel ou ancien&nbsp;peut demander au juge aux affaires familiales , une ordonnance de protection. Les violences peuvent \u00eatre physiques, psychologiques, \u00e9conomiques, sexuelles et doivent mettre en danger la victime et\/ou ses enfants. Il n&rsquo;est pas n\u00e9cessaire qu&rsquo;une plainte soit d\u00e9pos\u00e9e aupr\u00e8s [&hellip;]<\/p>\n","protected":false},"author":1,"featured_media":0,"parent":0,"menu_order":0,"comment_status":"closed","ping_status":"closed","template":"","meta":{"_monsterinsights_skip_tracking":false,"_monsterinsights_sitenote_active":false,"_monsterinsights_sitenote_note":"","_monsterinsights_sitenote_category":0,"site-sidebar-layout":"no-sidebar","site-content-layout":"page-builder","ast-site-content-layout":"full-width-container","site-content-style":"default","site-sidebar-style":"default","ast-global-header-display":"","ast-banner-title-visibility":"","ast-main-header-display":"","ast-hfb-above-header-display":"","ast-hfb-below-header-display":"","ast-hfb-mobile-header-display":"","site-post-title":"disabled","ast-breadcrumbs-content":"","ast-featured-img":"disabled","footer-sml-layout":"","theme-transparent-header-meta":"","adv-header-id-meta":"","stick-header-meta":"","header-above-stick-meta":"","header-main-stick-meta":"","header-below-stick-meta":"","astra-migrate-meta-layouts":"set","ast-page-background-enabled":"default","ast-page-background-meta":{"desktop":{"background-color":"","background-image":"","background-repeat":"repeat","background-position":"center center","background-size":"auto","background-attachment":"scroll","background-type":"","background-media":"","overlay-type":"","overlay-color":"","overlay-opacity":"","overlay-gradient":""},"tablet":{"background-color":"","background-image":"","background-repeat":"repeat","background-position":"center center","background-size":"auto","background-attachment":"scroll","background-type":"","background-media":"","overlay-type":"","overlay-color":"","overlay-opacity":"","overlay-gradient":""},"mobile":{"background-color":"","background-image":"","background-repeat":"repeat","background-position":"center center","background-size":"auto","background-attachment":"scroll","background-type":"","background-media":"","overlay-type":"","overlay-color":"","overlay-opacity":"","overlay-gradient":""}},"ast-content-background-meta":{"desktop":{"background-color":"var(--ast-global-color-5)","background-image":"","background-repeat":"repeat","background-position":"center center","background-size":"auto","background-attachment":"scroll","background-type":"","background-media":"","overlay-type":"","overlay-color":"","overlay-opacity":"","overlay-gradient":""},"tablet":{"background-color":"var(--ast-global-color-5)","background-image":"","background-repeat":"repeat","background-position":"center center","background-size":"auto","background-attachment":"scroll","background-type":"","background-media":"","overlay-type":"","overlay-color":"","overlay-opacity":"","overlay-gradient":""},"mobile":{"background-color":"var(--ast-global-color-5)","background-image":"","background-repeat":"repeat","background-position":"center center","background-size":"auto","background-attachment":"scroll","background-type":"","background-media":"","overlay-type":"","overlay-color":"","overlay-opacity":"","overlay-gradient":""}},"footnotes":""},"class_list":["post-2196","page","type-page","status-publish","hentry"],"yoast_head":"<!-- This site is optimized with the Yoast SEO plugin v24.4 - https:\/\/yoast.com\/wordpress\/plugins\/seo\/ -->\n<title>L&#039;ordonnance de protection - VAL DE LYS AVOCATS-COMINES-<\/title>\n<meta name=\"robots\" content=\"index, follow, max-snippet:-1, max-image-preview:large, max-video-preview:-1\" \/>\n<link rel=\"canonical\" href=\"https:\/\/valdelysavocats.com\/index.php\/lordonnance-de-protection\/\" \/>\n<meta property=\"og:locale\" content=\"fr_FR\" \/>\n<meta property=\"og:type\" content=\"article\" \/>\n<meta property=\"og:title\" content=\"L&#039;ordonnance de protection - VAL DE LYS AVOCATS-COMINES-\" \/>\n<meta property=\"og:description\" content=\"L&rsquo;ordonnance de protection Toute personne victime de violences exerc\u00e9es exerc\u00e9es au sein du couple, actuel ou ancien&nbsp;peut demander au juge aux affaires familiales , une ordonnance de protection. Les violences peuvent \u00eatre physiques, psychologiques, \u00e9conomiques, sexuelles et doivent mettre en danger la victime et\/ou ses enfants. Il n&rsquo;est pas n\u00e9cessaire qu&rsquo;une plainte soit d\u00e9pos\u00e9e aupr\u00e8s [&hellip;]\" \/>\n<meta property=\"og:url\" content=\"https:\/\/valdelysavocats.com\/index.php\/lordonnance-de-protection\/\" \/>\n<meta property=\"og:site_name\" content=\"VAL DE LYS AVOCATS-COMINES-\" \/>\n<meta property=\"article:modified_time\" content=\"2024-01-28T20:18:08+00:00\" \/>\n<meta property=\"og:image\" content=\"https:\/\/valdelysavocats.com\/wp-content\/uploads\/2023\/12\/jeune-enfant-victime-violence-physique-part-ses-parents-1024x683.jpg\" \/>\n<meta name=\"twitter:card\" content=\"summary_large_image\" \/>\n<meta name=\"twitter:label1\" content=\"Dur\u00e9e de lecture estim\u00e9e\" \/>\n\t<meta name=\"twitter:data1\" content=\"1 minute\" \/>\n<script type=\"application\/ld+json\" class=\"yoast-schema-graph\">{\"@context\":\"https:\/\/schema.org\",\"@graph\":[{\"@type\":\"WebPage\",\"@id\":\"https:\/\/valdelysavocats.com\/index.php\/lordonnance-de-protection\/\",\"url\":\"https:\/\/valdelysavocats.com\/index.php\/lordonnance-de-protection\/\",\"name\":\"L'ordonnance de protection - VAL DE LYS AVOCATS-COMINES-\",\"isPartOf\":{\"@id\":\"https:\/\/valdelysavocats.com\/#website\"},\"primaryImageOfPage\":{\"@id\":\"https:\/\/valdelysavocats.com\/index.php\/lordonnance-de-protection\/#primaryimage\"},\"image\":{\"@id\":\"https:\/\/valdelysavocats.com\/index.php\/lordonnance-de-protection\/#primaryimage\"},\"thumbnailUrl\":\"https:\/\/valdelysavocats.com\/wp-content\/uploads\/2023\/12\/jeune-enfant-victime-violence-physique-part-ses-parents-1024x683.jpg\",\"datePublished\":\"2024-01-28T18:53:17+00:00\",\"dateModified\":\"2024-01-28T20:18:08+00:00\",\"breadcrumb\":{\"@id\":\"https:\/\/valdelysavocats.com\/index.php\/lordonnance-de-protection\/#breadcrumb\"},\"inLanguage\":\"fr-FR\",\"potentialAction\":[{\"@type\":\"ReadAction\",\"target\":[\"https:\/\/valdelysavocats.com\/index.php\/lordonnance-de-protection\/\"]}]},{\"@type\":\"ImageObject\",\"inLanguage\":\"fr-FR\",\"@id\":\"https:\/\/valdelysavocats.com\/index.php\/lordonnance-de-protection\/#primaryimage\",\"url\":\"https:\/\/valdelysavocats.com\/wp-content\/uploads\/2023\/12\/jeune-enfant-victime-violence-physique-part-ses-parents-scaled.jpg\",\"contentUrl\":\"https:\/\/valdelysavocats.com\/wp-content\/uploads\/2023\/12\/jeune-enfant-victime-violence-physique-part-ses-parents-scaled.jpg\",\"width\":2560,\"height\":1707},{\"@type\":\"BreadcrumbList\",\"@id\":\"https:\/\/valdelysavocats.com\/index.php\/lordonnance-de-protection\/#breadcrumb\",\"itemListElement\":[{\"@type\":\"ListItem\",\"position\":1,\"name\":\"Accueil\",\"item\":\"https:\/\/valdelysavocats.com\/\"},{\"@type\":\"ListItem\",\"position\":2,\"name\":\"L&rsquo;ordonnance de protection\"}]},{\"@type\":\"WebSite\",\"@id\":\"https:\/\/valdelysavocats.com\/#website\",\"url\":\"https:\/\/valdelysavocats.com\/\",\"name\":\"VAL DE LYS AVOCATS-COMINES-\",\"description\":\"Avocats Divorce Droit Administratif Droit du Travail Droit immobilier Droit des Victimes\",\"publisher\":{\"@id\":\"https:\/\/valdelysavocats.com\/#organization\"},\"potentialAction\":[{\"@type\":\"SearchAction\",\"target\":{\"@type\":\"EntryPoint\",\"urlTemplate\":\"https:\/\/valdelysavocats.com\/?s={search_term_string}\"},\"query-input\":{\"@type\":\"PropertyValueSpecification\",\"valueRequired\":true,\"valueName\":\"search_term_string\"}}],\"inLanguage\":\"fr-FR\"},{\"@type\":\"Organization\",\"@id\":\"https:\/\/valdelysavocats.com\/#organization\",\"name\":\"VAL DE LYS AVOCATS-COMINES-\",\"url\":\"https:\/\/valdelysavocats.com\/\",\"logo\":{\"@type\":\"ImageObject\",\"inLanguage\":\"fr-FR\",\"@id\":\"https:\/\/valdelysavocats.com\/#\/schema\/logo\/image\/\",\"url\":\"https:\/\/valdelysavocats.com\/wp-content\/uploads\/2023\/12\/cropped-cropped-cropped-logo-1-1.png\",\"contentUrl\":\"https:\/\/valdelysavocats.com\/wp-content\/uploads\/2023\/12\/cropped-cropped-cropped-logo-1-1.png\",\"width\":415,\"height\":417,\"caption\":\"VAL DE LYS AVOCATS-COMINES-\"},\"image\":{\"@id\":\"https:\/\/valdelysavocats.com\/#\/schema\/logo\/image\/\"}}]}<\/script>\n<!-- \/ Yoast SEO plugin. -->","yoast_head_json":{"title":"L'ordonnance de protection - VAL DE LYS AVOCATS-COMINES-","robots":{"index":"index","follow":"follow","max-snippet":"max-snippet:-1","max-image-preview":"max-image-preview:large","max-video-preview":"max-video-preview:-1"},"canonical":"https:\/\/valdelysavocats.com\/index.php\/lordonnance-de-protection\/","og_locale":"fr_FR","og_type":"article","og_title":"L'ordonnance de protection - VAL DE LYS AVOCATS-COMINES-","og_description":"L&rsquo;ordonnance de protection Toute personne victime de violences exerc\u00e9es exerc\u00e9es au sein du couple, actuel ou ancien&nbsp;peut demander au juge aux affaires familiales , une ordonnance de protection. Les violences peuvent \u00eatre physiques, psychologiques, \u00e9conomiques, sexuelles et doivent mettre en danger la victime et\/ou ses enfants. Il n&rsquo;est pas n\u00e9cessaire qu&rsquo;une plainte soit d\u00e9pos\u00e9e aupr\u00e8s [&hellip;]","og_url":"https:\/\/valdelysavocats.com\/index.php\/lordonnance-de-protection\/","og_site_name":"VAL DE LYS AVOCATS-COMINES-","article_modified_time":"2024-01-28T20:18:08+00:00","og_image":[{"url":"https:\/\/valdelysavocats.com\/wp-content\/uploads\/2023\/12\/jeune-enfant-victime-violence-physique-part-ses-parents-1024x683.jpg","type":"","width":"","height":""}],"twitter_card":"summary_large_image","twitter_misc":{"Dur\u00e9e de lecture estim\u00e9e":"1 minute"},"schema":{"@context":"https:\/\/schema.org","@graph":[{"@type":"WebPage","@id":"https:\/\/valdelysavocats.com\/index.php\/lordonnance-de-protection\/","url":"https:\/\/valdelysavocats.com\/index.php\/lordonnance-de-protection\/","name":"L'ordonnance de protection - VAL DE LYS AVOCATS-COMINES-","isPartOf":{"@id":"https:\/\/valdelysavocats.com\/#website"},"primaryImageOfPage":{"@id":"https:\/\/valdelysavocats.com\/index.php\/lordonnance-de-protection\/#primaryimage"},"image":{"@id":"https:\/\/valdelysavocats.com\/index.php\/lordonnance-de-protection\/#primaryimage"},"thumbnailUrl":"https:\/\/valdelysavocats.com\/wp-content\/uploads\/2023\/12\/jeune-enfant-victime-violence-physique-part-ses-parents-1024x683.jpg","datePublished":"2024-01-28T18:53:17+00:00","dateModified":"2024-01-28T20:18:08+00:00","breadcrumb":{"@id":"https:\/\/valdelysavocats.com\/index.php\/lordonnance-de-protection\/#breadcrumb"},"inLanguage":"fr-FR","potentialAction":[{"@type":"ReadAction","target":["https:\/\/valdelysavocats.com\/index.php\/lordonnance-de-protection\/"]}]},{"@type":"ImageObject","inLanguage":"fr-FR","@id":"https:\/\/valdelysavocats.com\/index.php\/lordonnance-de-protection\/#primaryimage","url":"https:\/\/valdelysavocats.com\/wp-content\/uploads\/2023\/12\/jeune-enfant-victime-violence-physique-part-ses-parents-scaled.jpg","contentUrl":"https:\/\/valdelysavocats.com\/wp-content\/uploads\/2023\/12\/jeune-enfant-victime-violence-physique-part-ses-parents-scaled.jpg","width":2560,"height":1707},{"@type":"BreadcrumbList","@id":"https:\/\/valdelysavocats.com\/index.php\/lordonnance-de-protection\/#breadcrumb","itemListElement":[{"@type":"ListItem","position":1,"name":"Accueil","item":"https:\/\/valdelysavocats.com\/"},{"@type":"ListItem","position":2,"name":"L&rsquo;ordonnance de protection"}]},{"@type":"WebSite","@id":"https:\/\/valdelysavocats.com\/#website","url":"https:\/\/valdelysavocats.com\/","name":"VAL DE LYS AVOCATS-COMINES-","description":"Avocats Divorce Droit Administratif Droit du Travail Droit immobilier Droit des Victimes","publisher":{"@id":"https:\/\/valdelysavocats.com\/#organization"},"potentialAction":[{"@type":"SearchAction","target":{"@type":"EntryPoint","urlTemplate":"https:\/\/valdelysavocats.com\/?s={search_term_string}"},"query-input":{"@type":"PropertyValueSpecification","valueRequired":true,"valueName":"search_term_string"}}],"inLanguage":"fr-FR"},{"@type":"Organization","@id":"https:\/\/valdelysavocats.com\/#organization","name":"VAL DE LYS AVOCATS-COMINES-","url":"https:\/\/valdelysavocats.com\/","logo":{"@type":"ImageObject","inLanguage":"fr-FR","@id":"https:\/\/valdelysavocats.com\/#\/schema\/logo\/image\/","url":"https:\/\/valdelysavocats.com\/wp-content\/uploads\/2023\/12\/cropped-cropped-cropped-logo-1-1.png","contentUrl":"https:\/\/valdelysavocats.com\/wp-content\/uploads\/2023\/12\/cropped-cropped-cropped-logo-1-1.png","width":415,"height":417,"caption":"VAL DE LYS AVOCATS-COMINES-"},"image":{"@id":"https:\/\/valdelysavocats.com\/#\/schema\/logo\/image\/"}}]}},"_links":{"self":[{"href":"https:\/\/valdelysavocats.com\/index.php\/wp-json\/wp\/v2\/pages\/2196","targetHints":{"allow":["GET"]}}],"collection":[{"href":"https:\/\/valdelysavocats.com\/index.php\/wp-json\/wp\/v2\/pages"}],"about":[{"href":"https:\/\/valdelysavocats.com\/index.php\/wp-json\/wp\/v2\/types\/page"}],"author":[{"embeddable":true,"href":"https:\/\/valdelysavocats.com\/index.php\/wp-json\/wp\/v2\/users\/1"}],"replies":[{"embeddable":true,"href":"https:\/\/valdelysavocats.com\/index.php\/wp-json\/wp\/v2\/comments?post=2196"}],"version-history":[{"count":7,"href":"https:\/\/valdelysavocats.com\/index.php\/wp-json\/wp\/v2\/pages\/2196\/revisions"}],"predecessor-version":[{"id":2205,"href":"https:\/\/valdelysavocats.com\/index.php\/wp-json\/wp\/v2\/pages\/2196\/revisions\/2205"}],"wp:attachment":[{"href":"https:\/\/valdelysavocats.com\/index.php\/wp-json\/wp\/v2\/media?parent=2196"}],"curies":[{"name":"wp","href":"https:\/\/api.w.org\/{rel}","templated":true}]}}