{"id":2215,"date":"2024-01-28T21:25:33","date_gmt":"2024-01-28T20:25:33","guid":{"rendered":"https:\/\/valdelysavocats.com\/?page_id=2215"},"modified":"2024-02-05T12:54:49","modified_gmt":"2024-02-05T11:54:49","slug":"ladoption","status":"publish","type":"page","link":"https:\/\/valdelysavocats.com\/index.php\/ladoption\/","title":{"rendered":"L&rsquo;adoption"},"content":{"rendered":"\t\t<div data-elementor-type=\"wp-page\" data-elementor-id=\"2215\" class=\"elementor elementor-2215\">\n\t\t\t\t<div class=\"elementor-element elementor-element-2f606bd e-flex e-con-boxed e-con e-parent\" data-id=\"2f606bd\" data-element_type=\"container\">\n\t\t\t\t\t<div class=\"e-con-inner\">\n\t\t<div class=\"elementor-element elementor-element-8ffa43a e-con-full e-flex e-con e-child\" data-id=\"8ffa43a\" data-element_type=\"container\">\n\t\t\t\t<div class=\"elementor-element elementor-element-3579b5d elementor-widget elementor-widget-image\" data-id=\"3579b5d\" data-element_type=\"widget\" data-widget_type=\"image.default\">\n\t\t\t\t<div class=\"elementor-widget-container\">\n\t\t\t\t\t\t\t\t\t\t\t\t\t\t\t<img fetchpriority=\"high\" decoding=\"async\" width=\"1024\" height=\"683\" src=\"https:\/\/valdelysavocats.com\/wp-content\/uploads\/2024\/01\/concept-famille-vue-cote-table-bois-main-tenant-cube-bois-1024x683.jpg\" class=\"attachment-large size-large wp-image-2222\" alt=\"\" srcset=\"https:\/\/valdelysavocats.com\/wp-content\/uploads\/2024\/01\/concept-famille-vue-cote-table-bois-main-tenant-cube-bois-1024x683.jpg 1024w, https:\/\/valdelysavocats.com\/wp-content\/uploads\/2024\/01\/concept-famille-vue-cote-table-bois-main-tenant-cube-bois-300x200.jpg 300w, https:\/\/valdelysavocats.com\/wp-content\/uploads\/2024\/01\/concept-famille-vue-cote-table-bois-main-tenant-cube-bois-768x512.jpg 768w, https:\/\/valdelysavocats.com\/wp-content\/uploads\/2024\/01\/concept-famille-vue-cote-table-bois-main-tenant-cube-bois-1536x1024.jpg 1536w, https:\/\/valdelysavocats.com\/wp-content\/uploads\/2024\/01\/concept-famille-vue-cote-table-bois-main-tenant-cube-bois-2048x1365.jpg 2048w\" sizes=\"(max-width: 1024px) 100vw, 1024px\" \/>\t\t\t\t\t\t\t\t\t\t\t\t\t\t\t<\/div>\n\t\t\t\t<\/div>\n\t\t\t\t<\/div>\n\t\t<div class=\"elementor-element elementor-element-f54866a e-con-full e-flex e-con e-child\" data-id=\"f54866a\" data-element_type=\"container\">\n\t\t\t\t<div class=\"elementor-element elementor-element-b5d4956 elementor-widget elementor-widget-heading\" data-id=\"b5d4956\" data-element_type=\"widget\" data-widget_type=\"heading.default\">\n\t\t\t\t<div class=\"elementor-widget-container\">\n\t\t\t\t\t<h2 class=\"elementor-heading-title elementor-size-default\">L'adoption <\/h2>\t\t\t\t<\/div>\n\t\t\t\t<\/div>\n\t\t\t\t<div class=\"elementor-element elementor-element-8619cea elementor-widget elementor-widget-text-editor\" data-id=\"8619cea\" data-element_type=\"widget\" data-widget_type=\"text-editor.default\">\n\t\t\t\t<div class=\"elementor-widget-container\">\n\t\t\t\t\t\t\t\t\t<p>L&rsquo;adoption cr\u00e9e un lien de filiation entre l&rsquo;adopt\u00e9 et l&rsquo;adoptant.&nbsp;&nbsp;<\/p>\n<p>En France, il existe deux types d&rsquo;adoption :<\/p>\n<ul>\n<li><strong>l&rsquo;adoption simple<\/strong> : les liens avec la famille d&rsquo;origine demeure<\/li>\n<li><strong>l&rsquo;adoption pl\u00e9ni\u00e8re<\/strong> , les liens avec la famille d&rsquo;origine disparaisse<\/li>\n<\/ul>\n<p><span style=\"font-size: 16px; font-style: normal; font-weight: 400;\">L&rsquo;adoptant doit avoir plus de 26 ans et avoir 15 ans de plus que l&rsquo;adopt\u00e9 sauf pour justes motifs<\/span><\/p>\n<p><span style=\"font-size: 16px;\">Une personne seule peut adopter un mineur, si elle est mari\u00e9e ou partenaire de pacs, dans ce cas, l&rsquo;autre membre doit donner son consentement \u00e0 l&rsquo;adoption<\/span><\/p>\n<p>Le<strong> mineur<\/strong> adoptable est :<\/p>\n<ul>\n<li>un mineur dont les parents ou le conseil de famille a accept\u00e9 l&rsquo;adoption<\/li>\n<li>le mineur d\u00e9clar\u00e9 d\u00e9laiss\u00e9 par un jugement du tribunal<\/li>\n<li>le mineur \u00e9tranger selon la l\u00e9gislation applicable<\/li>\n<li>pupille de l&rsquo;\u00e9tat<\/li>\n<\/ul>\n<div>Si le mineur a plus de 13 ans, il doit donner son accord devant notaire.<\/div><div><br><\/div>\n<div>Un <strong>majeur<\/strong> est adoptable. Il doit consentir \u00e0 son adoption devant notaire . Dans ce cas, il ne peut s&rsquo;agit que d&rsquo;une adoption simple.<\/div>\n<div>Pour la proc\u00e9dure d&rsquo;adoption, le recours \u00e0 un avocat est obligatoire si l&rsquo;adopt\u00e9 a \u00e9t\u00e9 recueilli apr\u00e8s des 15 ans<\/div>\n<div>&nbsp;<\/div>\n<div><strong>Les effets de l&rsquo;adoption simple :&nbsp;<\/strong><br>&#8211; l&rsquo;adoptant exerce l&rsquo;autorit\u00e9 parentale&nbsp;<br>&#8211; il existe une obligation alimentaire r\u00e9ciproque entre l&rsquo;adoptant et l&rsquo;adopt\u00e9<br>&#8211; le nom de l&rsquo;adoptant s&rsquo;ajoute au nom de l&rsquo;adopt\u00e9 ou le remplace<br>&#8211; l&rsquo;adopt\u00e9 h\u00e9rite des 2 familles<\/div>\n<div>&nbsp;<\/div>\n<div><strong>Les effets de l&rsquo;adoption pl\u00e9ni\u00e8re :<\/strong><br>&#8211; l&rsquo;adopt\u00e9 obtient une nouvelle filiation&nbsp;<br>&#8211; l&rsquo;adoptant exerce l&rsquo;autorit\u00e9 parentale&nbsp;<br>&#8211; l&rsquo;adoption cr\u00e9e entre l&rsquo;adopt\u00e9 et l&rsquo;adoptant une obligation alimentaire r\u00e9ciproque&nbsp;<br>&#8211; l&rsquo;adopt\u00e9 prend le nom de l&rsquo;adoptant&nbsp;<br>&#8211; le mineur acquiert automatiquement la nationalit\u00e9 fran\u00e7aise&nbsp;<br>&#8211; l&rsquo;adopt\u00e9 a droit \u00e0 la succession de ses parents adoptifs<\/div>\t\t\t\t\t\t\t\t<\/div>\n\t\t\t\t<\/div>\n\t\t\t\t<\/div>\n\t\t\t\t\t<\/div>\n\t\t\t\t<\/div>\n\t\t\t\t<\/div>\n\t\t","protected":false},"excerpt":{"rendered":"<p>L&rsquo;adoption L&rsquo;adoption cr\u00e9e un lien de filiation entre l&rsquo;adopt\u00e9 et l&rsquo;adoptant.&nbsp;&nbsp; En France, il existe deux types d&rsquo;adoption : l&rsquo;adoption simple : les liens avec la famille d&rsquo;origine demeure l&rsquo;adoption pl\u00e9ni\u00e8re , les liens avec la famille d&rsquo;origine disparaisse L&rsquo;adoptant doit avoir plus de 26 ans et avoir 15 ans de plus que l&rsquo;adopt\u00e9 sauf [&hellip;]<\/p>\n","protected":false},"author":1,"featured_media":0,"parent":0,"menu_order":0,"comment_status":"closed","ping_status":"closed","template":"","meta":{"_monsterinsights_skip_tracking":false,"_monsterinsights_sitenote_active":false,"_monsterinsights_sitenote_note":"","_monsterinsights_sitenote_category":0,"site-sidebar-layout":"no-sidebar","site-content-layout":"page-builder","ast-site-content-layout":"full-width-container","site-content-style":"default","site-sidebar-style":"default","ast-global-header-display":"","ast-banner-title-visibility":"","ast-main-header-display":"","ast-hfb-above-header-display":"","ast-hfb-below-header-display":"","ast-hfb-mobile-header-display":"","site-post-title":"disabled","ast-breadcrumbs-content":"","ast-featured-img":"disabled","footer-sml-layout":"","theme-transparent-header-meta":"","adv-header-id-meta":"","stick-header-meta":"","header-above-stick-meta":"","header-main-stick-meta":"","header-below-stick-meta":"","astra-migrate-meta-layouts":"set","ast-page-background-enabled":"default","ast-page-background-meta":{"desktop":{"background-color":"","background-image":"","background-repeat":"repeat","background-position":"center center","background-size":"auto","background-attachment":"scroll","background-type":"","background-media":"","overlay-type":"","overlay-color":"","overlay-opacity":"","overlay-gradient":""},"tablet":{"background-color":"","background-image":"","background-repeat":"repeat","background-position":"center center","background-size":"auto","background-attachment":"scroll","background-type":"","background-media":"","overlay-type":"","overlay-color":"","overlay-opacity":"","overlay-gradient":""},"mobile":{"background-color":"","background-image":"","background-repeat":"repeat","background-position":"center center","background-size":"auto","background-attachment":"scroll","background-type":"","background-media":"","overlay-type":"","overlay-color":"","overlay-opacity":"","overlay-gradient":""}},"ast-content-background-meta":{"desktop":{"background-color":"var(--ast-global-color-5)","background-image":"","background-repeat":"repeat","background-position":"center center","background-size":"auto","background-attachment":"scroll","background-type":"","background-media":"","overlay-type":"","overlay-color":"","overlay-opacity":"","overlay-gradient":""},"tablet":{"background-color":"var(--ast-global-color-5)","background-image":"","background-repeat":"repeat","background-position":"center center","background-size":"auto","background-attachment":"scroll","background-type":"","background-media":"","overlay-type":"","overlay-color":"","overlay-opacity":"","overlay-gradient":""},"mobile":{"background-color":"var(--ast-global-color-5)","background-image":"","background-repeat":"repeat","background-position":"center center","background-size":"auto","background-attachment":"scroll","background-type":"","background-media":"","overlay-type":"","overlay-color":"","overlay-opacity":"","overlay-gradient":""}},"footnotes":""},"class_list":["post-2215","page","type-page","status-publish","hentry"],"yoast_head":"<!-- This site is optimized with the Yoast SEO plugin v24.4 - https:\/\/yoast.com\/wordpress\/plugins\/seo\/ -->\n<title>L&#039;adoption - VAL DE LYS AVOCATS-COMINES-<\/title>\n<meta name=\"robots\" content=\"index, follow, max-snippet:-1, max-image-preview:large, max-video-preview:-1\" \/>\n<link rel=\"canonical\" href=\"https:\/\/valdelysavocats.com\/index.php\/ladoption\/\" \/>\n<meta property=\"og:locale\" content=\"fr_FR\" \/>\n<meta property=\"og:type\" content=\"article\" \/>\n<meta property=\"og:title\" content=\"L&#039;adoption - VAL DE LYS AVOCATS-COMINES-\" \/>\n<meta property=\"og:description\" content=\"L&rsquo;adoption L&rsquo;adoption cr\u00e9e un lien de filiation entre l&rsquo;adopt\u00e9 et l&rsquo;adoptant.&nbsp;&nbsp; En France, il existe deux types d&rsquo;adoption : l&rsquo;adoption simple : les liens avec la famille d&rsquo;origine demeure l&rsquo;adoption pl\u00e9ni\u00e8re , les liens avec la famille d&rsquo;origine disparaisse L&rsquo;adoptant doit avoir plus de 26 ans et avoir 15 ans de plus que l&rsquo;adopt\u00e9 sauf [&hellip;]\" \/>\n<meta property=\"og:url\" content=\"https:\/\/valdelysavocats.com\/index.php\/ladoption\/\" \/>\n<meta property=\"og:site_name\" content=\"VAL DE LYS AVOCATS-COMINES-\" \/>\n<meta property=\"article:modified_time\" content=\"2024-02-05T11:54:49+00:00\" \/>\n<meta property=\"og:image\" content=\"https:\/\/valdelysavocats.com\/wp-content\/uploads\/2024\/01\/concept-famille-vue-cote-table-bois-main-tenant-cube-bois-1024x683.jpg\" \/>\n<meta name=\"twitter:card\" content=\"summary_large_image\" \/>\n<meta name=\"twitter:label1\" content=\"Dur\u00e9e de lecture estim\u00e9e\" \/>\n\t<meta name=\"twitter:data1\" content=\"2 minutes\" \/>\n<script type=\"application\/ld+json\" class=\"yoast-schema-graph\">{\"@context\":\"https:\/\/schema.org\",\"@graph\":[{\"@type\":\"WebPage\",\"@id\":\"https:\/\/valdelysavocats.com\/index.php\/ladoption\/\",\"url\":\"https:\/\/valdelysavocats.com\/index.php\/ladoption\/\",\"name\":\"L'adoption - VAL DE LYS AVOCATS-COMINES-\",\"isPartOf\":{\"@id\":\"https:\/\/valdelysavocats.com\/#website\"},\"primaryImageOfPage\":{\"@id\":\"https:\/\/valdelysavocats.com\/index.php\/ladoption\/#primaryimage\"},\"image\":{\"@id\":\"https:\/\/valdelysavocats.com\/index.php\/ladoption\/#primaryimage\"},\"thumbnailUrl\":\"https:\/\/valdelysavocats.com\/wp-content\/uploads\/2024\/01\/concept-famille-vue-cote-table-bois-main-tenant-cube-bois-1024x683.jpg\",\"datePublished\":\"2024-01-28T20:25:33+00:00\",\"dateModified\":\"2024-02-05T11:54:49+00:00\",\"breadcrumb\":{\"@id\":\"https:\/\/valdelysavocats.com\/index.php\/ladoption\/#breadcrumb\"},\"inLanguage\":\"fr-FR\",\"potentialAction\":[{\"@type\":\"ReadAction\",\"target\":[\"https:\/\/valdelysavocats.com\/index.php\/ladoption\/\"]}]},{\"@type\":\"ImageObject\",\"inLanguage\":\"fr-FR\",\"@id\":\"https:\/\/valdelysavocats.com\/index.php\/ladoption\/#primaryimage\",\"url\":\"https:\/\/valdelysavocats.com\/wp-content\/uploads\/2024\/01\/concept-famille-vue-cote-table-bois-main-tenant-cube-bois-scaled.jpg\",\"contentUrl\":\"https:\/\/valdelysavocats.com\/wp-content\/uploads\/2024\/01\/concept-famille-vue-cote-table-bois-main-tenant-cube-bois-scaled.jpg\",\"width\":2560,\"height\":1707,\"caption\":\"Family concept on wooden background side view. hand holding wooden cube.\"},{\"@type\":\"BreadcrumbList\",\"@id\":\"https:\/\/valdelysavocats.com\/index.php\/ladoption\/#breadcrumb\",\"itemListElement\":[{\"@type\":\"ListItem\",\"position\":1,\"name\":\"Accueil\",\"item\":\"https:\/\/valdelysavocats.com\/\"},{\"@type\":\"ListItem\",\"position\":2,\"name\":\"L&rsquo;adoption\"}]},{\"@type\":\"WebSite\",\"@id\":\"https:\/\/valdelysavocats.com\/#website\",\"url\":\"https:\/\/valdelysavocats.com\/\",\"name\":\"VAL DE LYS AVOCATS-COMINES-\",\"description\":\"Avocats Divorce Droit Administratif Droit du Travail Droit immobilier Droit des Victimes\",\"publisher\":{\"@id\":\"https:\/\/valdelysavocats.com\/#organization\"},\"potentialAction\":[{\"@type\":\"SearchAction\",\"target\":{\"@type\":\"EntryPoint\",\"urlTemplate\":\"https:\/\/valdelysavocats.com\/?s={search_term_string}\"},\"query-input\":{\"@type\":\"PropertyValueSpecification\",\"valueRequired\":true,\"valueName\":\"search_term_string\"}}],\"inLanguage\":\"fr-FR\"},{\"@type\":\"Organization\",\"@id\":\"https:\/\/valdelysavocats.com\/#organization\",\"name\":\"VAL DE LYS AVOCATS-COMINES-\",\"url\":\"https:\/\/valdelysavocats.com\/\",\"logo\":{\"@type\":\"ImageObject\",\"inLanguage\":\"fr-FR\",\"@id\":\"https:\/\/valdelysavocats.com\/#\/schema\/logo\/image\/\",\"url\":\"https:\/\/valdelysavocats.com\/wp-content\/uploads\/2023\/12\/cropped-cropped-cropped-logo-1-1.png\",\"contentUrl\":\"https:\/\/valdelysavocats.com\/wp-content\/uploads\/2023\/12\/cropped-cropped-cropped-logo-1-1.png\",\"width\":415,\"height\":417,\"caption\":\"VAL DE LYS AVOCATS-COMINES-\"},\"image\":{\"@id\":\"https:\/\/valdelysavocats.com\/#\/schema\/logo\/image\/\"}}]}<\/script>\n<!-- \/ Yoast SEO plugin. -->","yoast_head_json":{"title":"L'adoption - VAL DE LYS AVOCATS-COMINES-","robots":{"index":"index","follow":"follow","max-snippet":"max-snippet:-1","max-image-preview":"max-image-preview:large","max-video-preview":"max-video-preview:-1"},"canonical":"https:\/\/valdelysavocats.com\/index.php\/ladoption\/","og_locale":"fr_FR","og_type":"article","og_title":"L'adoption - VAL DE LYS AVOCATS-COMINES-","og_description":"L&rsquo;adoption L&rsquo;adoption cr\u00e9e un lien de filiation entre l&rsquo;adopt\u00e9 et l&rsquo;adoptant.&nbsp;&nbsp; En France, il existe deux types d&rsquo;adoption : l&rsquo;adoption simple : les liens avec la famille d&rsquo;origine demeure l&rsquo;adoption pl\u00e9ni\u00e8re , les liens avec la famille d&rsquo;origine disparaisse L&rsquo;adoptant doit avoir plus de 26 ans et avoir 15 ans de plus que l&rsquo;adopt\u00e9 sauf [&hellip;]","og_url":"https:\/\/valdelysavocats.com\/index.php\/ladoption\/","og_site_name":"VAL DE LYS AVOCATS-COMINES-","article_modified_time":"2024-02-05T11:54:49+00:00","og_image":[{"url":"https:\/\/valdelysavocats.com\/wp-content\/uploads\/2024\/01\/concept-famille-vue-cote-table-bois-main-tenant-cube-bois-1024x683.jpg","type":"","width":"","height":""}],"twitter_card":"summary_large_image","twitter_misc":{"Dur\u00e9e de lecture estim\u00e9e":"2 minutes"},"schema":{"@context":"https:\/\/schema.org","@graph":[{"@type":"WebPage","@id":"https:\/\/valdelysavocats.com\/index.php\/ladoption\/","url":"https:\/\/valdelysavocats.com\/index.php\/ladoption\/","name":"L'adoption - VAL DE LYS AVOCATS-COMINES-","isPartOf":{"@id":"https:\/\/valdelysavocats.com\/#website"},"primaryImageOfPage":{"@id":"https:\/\/valdelysavocats.com\/index.php\/ladoption\/#primaryimage"},"image":{"@id":"https:\/\/valdelysavocats.com\/index.php\/ladoption\/#primaryimage"},"thumbnailUrl":"https:\/\/valdelysavocats.com\/wp-content\/uploads\/2024\/01\/concept-famille-vue-cote-table-bois-main-tenant-cube-bois-1024x683.jpg","datePublished":"2024-01-28T20:25:33+00:00","dateModified":"2024-02-05T11:54:49+00:00","breadcrumb":{"@id":"https:\/\/valdelysavocats.com\/index.php\/ladoption\/#breadcrumb"},"inLanguage":"fr-FR","potentialAction":[{"@type":"ReadAction","target":["https:\/\/valdelysavocats.com\/index.php\/ladoption\/"]}]},{"@type":"ImageObject","inLanguage":"fr-FR","@id":"https:\/\/valdelysavocats.com\/index.php\/ladoption\/#primaryimage","url":"https:\/\/valdelysavocats.com\/wp-content\/uploads\/2024\/01\/concept-famille-vue-cote-table-bois-main-tenant-cube-bois-scaled.jpg","contentUrl":"https:\/\/valdelysavocats.com\/wp-content\/uploads\/2024\/01\/concept-famille-vue-cote-table-bois-main-tenant-cube-bois-scaled.jpg","width":2560,"height":1707,"caption":"Family concept on wooden background side view. hand holding wooden cube."},{"@type":"BreadcrumbList","@id":"https:\/\/valdelysavocats.com\/index.php\/ladoption\/#breadcrumb","itemListElement":[{"@type":"ListItem","position":1,"name":"Accueil","item":"https:\/\/valdelysavocats.com\/"},{"@type":"ListItem","position":2,"name":"L&rsquo;adoption"}]},{"@type":"WebSite","@id":"https:\/\/valdelysavocats.com\/#website","url":"https:\/\/valdelysavocats.com\/","name":"VAL DE LYS AVOCATS-COMINES-","description":"Avocats Divorce Droit Administratif Droit du Travail Droit immobilier Droit des Victimes","publisher":{"@id":"https:\/\/valdelysavocats.com\/#organization"},"potentialAction":[{"@type":"SearchAction","target":{"@type":"EntryPoint","urlTemplate":"https:\/\/valdelysavocats.com\/?s={search_term_string}"},"query-input":{"@type":"PropertyValueSpecification","valueRequired":true,"valueName":"search_term_string"}}],"inLanguage":"fr-FR"},{"@type":"Organization","@id":"https:\/\/valdelysavocats.com\/#organization","name":"VAL DE LYS AVOCATS-COMINES-","url":"https:\/\/valdelysavocats.com\/","logo":{"@type":"ImageObject","inLanguage":"fr-FR","@id":"https:\/\/valdelysavocats.com\/#\/schema\/logo\/image\/","url":"https:\/\/valdelysavocats.com\/wp-content\/uploads\/2023\/12\/cropped-cropped-cropped-logo-1-1.png","contentUrl":"https:\/\/valdelysavocats.com\/wp-content\/uploads\/2023\/12\/cropped-cropped-cropped-logo-1-1.png","width":415,"height":417,"caption":"VAL DE LYS AVOCATS-COMINES-"},"image":{"@id":"https:\/\/valdelysavocats.com\/#\/schema\/logo\/image\/"}}]}},"_links":{"self":[{"href":"https:\/\/valdelysavocats.com\/index.php\/wp-json\/wp\/v2\/pages\/2215","targetHints":{"allow":["GET"]}}],"collection":[{"href":"https:\/\/valdelysavocats.com\/index.php\/wp-json\/wp\/v2\/pages"}],"about":[{"href":"https:\/\/valdelysavocats.com\/index.php\/wp-json\/wp\/v2\/types\/page"}],"author":[{"embeddable":true,"href":"https:\/\/valdelysavocats.com\/index.php\/wp-json\/wp\/v2\/users\/1"}],"replies":[{"embeddable":true,"href":"https:\/\/valdelysavocats.com\/index.php\/wp-json\/wp\/v2\/comments?post=2215"}],"version-history":[{"count":25,"href":"https:\/\/valdelysavocats.com\/index.php\/wp-json\/wp\/v2\/pages\/2215\/revisions"}],"predecessor-version":[{"id":2521,"href":"https:\/\/valdelysavocats.com\/index.php\/wp-json\/wp\/v2\/pages\/2215\/revisions\/2521"}],"wp:attachment":[{"href":"https:\/\/valdelysavocats.com\/index.php\/wp-json\/wp\/v2\/media?parent=2215"}],"curies":[{"name":"wp","href":"https:\/\/api.w.org\/{rel}","templated":true}]}}