{"id":2229,"date":"2024-01-28T21:37:06","date_gmt":"2024-01-28T20:37:06","guid":{"rendered":"https:\/\/valdelysavocats.com\/?page_id=2229"},"modified":"2024-02-06T10:37:06","modified_gmt":"2024-02-06T09:37:06","slug":"la-prestation-compensatoire","status":"publish","type":"page","link":"https:\/\/valdelysavocats.com\/index.php\/la-prestation-compensatoire\/","title":{"rendered":"La prestation compensatoire"},"content":{"rendered":"\t\t<div data-elementor-type=\"wp-page\" data-elementor-id=\"2229\" class=\"elementor elementor-2229\">\n\t\t\t\t<div class=\"elementor-element elementor-element-2e78611 e-flex e-con-boxed e-con e-parent\" data-id=\"2e78611\" data-element_type=\"container\">\n\t\t\t\t\t<div class=\"e-con-inner\">\n\t\t<div class=\"elementor-element elementor-element-e855721 e-con-full e-flex e-con e-child\" data-id=\"e855721\" data-element_type=\"container\">\n\t\t\t\t<div class=\"elementor-element elementor-element-c63e51a elementor-widget elementor-widget-image\" data-id=\"c63e51a\" data-element_type=\"widget\" data-widget_type=\"image.default\">\n\t\t\t\t<div class=\"elementor-widget-container\">\n\t\t\t\t\t\t\t\t\t\t\t\t\t\t\t<img fetchpriority=\"high\" decoding=\"async\" width=\"1024\" height=\"683\" src=\"https:\/\/valdelysavocats.com\/wp-content\/uploads\/2024\/01\/jeune-donner-argent-femme-sourire-gris-mur-1024x683.jpg\" class=\"attachment-large size-large wp-image-2232\" alt=\"\" srcset=\"https:\/\/valdelysavocats.com\/wp-content\/uploads\/2024\/01\/jeune-donner-argent-femme-sourire-gris-mur-1024x683.jpg 1024w, https:\/\/valdelysavocats.com\/wp-content\/uploads\/2024\/01\/jeune-donner-argent-femme-sourire-gris-mur-300x200.jpg 300w, https:\/\/valdelysavocats.com\/wp-content\/uploads\/2024\/01\/jeune-donner-argent-femme-sourire-gris-mur-768x512.jpg 768w, https:\/\/valdelysavocats.com\/wp-content\/uploads\/2024\/01\/jeune-donner-argent-femme-sourire-gris-mur-1536x1024.jpg 1536w, https:\/\/valdelysavocats.com\/wp-content\/uploads\/2024\/01\/jeune-donner-argent-femme-sourire-gris-mur-2048x1365.jpg 2048w\" sizes=\"(max-width: 1024px) 100vw, 1024px\" \/>\t\t\t\t\t\t\t\t\t\t\t\t\t\t\t<\/div>\n\t\t\t\t<\/div>\n\t\t\t\t<\/div>\n\t\t<div class=\"elementor-element elementor-element-e3c20e4 e-con-full e-flex e-con e-child\" data-id=\"e3c20e4\" data-element_type=\"container\">\n\t\t\t\t<div class=\"elementor-element elementor-element-3adca6b elementor-widget elementor-widget-heading\" data-id=\"3adca6b\" data-element_type=\"widget\" data-widget_type=\"heading.default\">\n\t\t\t\t<div class=\"elementor-widget-container\">\n\t\t\t\t\t<h4 class=\"elementor-heading-title elementor-size-default\">La prestation compensatoire <\/h4>\t\t\t\t<\/div>\n\t\t\t\t<\/div>\n\t\t\t\t<div class=\"elementor-element elementor-element-c798684 elementor-widget elementor-widget-text-editor\" data-id=\"c798684\" data-element_type=\"widget\" data-widget_type=\"text-editor.default\">\n\t\t\t\t<div class=\"elementor-widget-container\">\n\t\t\t\t\t\t\t\t\t<p>Le divorce peut cr\u00e9er pour un des \u00e9poux un changement important de son niveau de vie . La prestation&nbsp; compensatoire correspond au versement d&rsquo;une somme&nbsp; dont l&rsquo;objectif&nbsp; est de compenser cette situation.&nbsp;<\/p><p>Son montant est fix\u00e9 en fonction des besoins de l&rsquo;\u00e9poux \u00e0 qui&nbsp; elle est vers\u00e9e et des ressources de l&rsquo;autre. Le juge la fixe en fonction de&nbsp;<\/p>\t\t\t\t\t\t\t\t<\/div>\n\t\t\t\t<\/div>\n\t\t\t\t<\/div>\n\t\t\t\t\t<\/div>\n\t\t\t\t<\/div>\n\t\t\t\t<\/div>\n\t\t","protected":false},"excerpt":{"rendered":"<p>La prestation compensatoire Le divorce peut cr\u00e9er pour un des \u00e9poux un changement important de son niveau de vie . La prestation&nbsp; compensatoire correspond au versement d&rsquo;une somme&nbsp; dont l&rsquo;objectif&nbsp; est de compenser cette situation.&nbsp; Son montant est fix\u00e9 en fonction des besoins de l&rsquo;\u00e9poux \u00e0 qui&nbsp; elle est vers\u00e9e et des ressources de l&rsquo;autre. [&hellip;]<\/p>\n","protected":false},"author":1,"featured_media":0,"parent":0,"menu_order":0,"comment_status":"closed","ping_status":"closed","template":"","meta":{"_monsterinsights_skip_tracking":false,"_monsterinsights_sitenote_active":false,"_monsterinsights_sitenote_note":"","_monsterinsights_sitenote_category":0,"site-sidebar-layout":"no-sidebar","site-content-layout":"page-builder","ast-site-content-layout":"full-width-container","site-content-style":"default","site-sidebar-style":"default","ast-global-header-display":"","ast-banner-title-visibility":"","ast-main-header-display":"","ast-hfb-above-header-display":"","ast-hfb-below-header-display":"","ast-hfb-mobile-header-display":"","site-post-title":"disabled","ast-breadcrumbs-content":"","ast-featured-img":"disabled","footer-sml-layout":"","theme-transparent-header-meta":"","adv-header-id-meta":"","stick-header-meta":"","header-above-stick-meta":"","header-main-stick-meta":"","header-below-stick-meta":"","astra-migrate-meta-layouts":"set","ast-page-background-enabled":"default","ast-page-background-meta":{"desktop":{"background-color":"","background-image":"","background-repeat":"repeat","background-position":"center center","background-size":"auto","background-attachment":"scroll","background-type":"","background-media":"","overlay-type":"","overlay-color":"","overlay-opacity":"","overlay-gradient":""},"tablet":{"background-color":"","background-image":"","background-repeat":"repeat","background-position":"center center","background-size":"auto","background-attachment":"scroll","background-type":"","background-media":"","overlay-type":"","overlay-color":"","overlay-opacity":"","overlay-gradient":""},"mobile":{"background-color":"","background-image":"","background-repeat":"repeat","background-position":"center center","background-size":"auto","background-attachment":"scroll","background-type":"","background-media":"","overlay-type":"","overlay-color":"","overlay-opacity":"","overlay-gradient":""}},"ast-content-background-meta":{"desktop":{"background-color":"var(--ast-global-color-5)","background-image":"","background-repeat":"repeat","background-position":"center center","background-size":"auto","background-attachment":"scroll","background-type":"","background-media":"","overlay-type":"","overlay-color":"","overlay-opacity":"","overlay-gradient":""},"tablet":{"background-color":"var(--ast-global-color-5)","background-image":"","background-repeat":"repeat","background-position":"center center","background-size":"auto","background-attachment":"scroll","background-type":"","background-media":"","overlay-type":"","overlay-color":"","overlay-opacity":"","overlay-gradient":""},"mobile":{"background-color":"var(--ast-global-color-5)","background-image":"","background-repeat":"repeat","background-position":"center center","background-size":"auto","background-attachment":"scroll","background-type":"","background-media":"","overlay-type":"","overlay-color":"","overlay-opacity":"","overlay-gradient":""}},"footnotes":""},"class_list":["post-2229","page","type-page","status-publish","hentry"],"yoast_head":"<!-- This site is optimized with the Yoast SEO plugin v24.4 - https:\/\/yoast.com\/wordpress\/plugins\/seo\/ -->\n<title>La prestation compensatoire - VAL DE LYS AVOCATS-COMINES-<\/title>\n<meta name=\"robots\" content=\"index, follow, max-snippet:-1, max-image-preview:large, max-video-preview:-1\" \/>\n<link rel=\"canonical\" href=\"https:\/\/valdelysavocats.com\/index.php\/la-prestation-compensatoire\/\" \/>\n<meta property=\"og:locale\" content=\"fr_FR\" \/>\n<meta property=\"og:type\" content=\"article\" \/>\n<meta property=\"og:title\" content=\"La prestation compensatoire - VAL DE LYS AVOCATS-COMINES-\" \/>\n<meta property=\"og:description\" content=\"La prestation compensatoire Le divorce peut cr\u00e9er pour un des \u00e9poux un changement important de son niveau de vie . La prestation&nbsp; compensatoire correspond au versement d&rsquo;une somme&nbsp; dont l&rsquo;objectif&nbsp; est de compenser cette situation.&nbsp; Son montant est fix\u00e9 en fonction des besoins de l&rsquo;\u00e9poux \u00e0 qui&nbsp; elle est vers\u00e9e et des ressources de l&rsquo;autre. [&hellip;]\" \/>\n<meta property=\"og:url\" content=\"https:\/\/valdelysavocats.com\/index.php\/la-prestation-compensatoire\/\" \/>\n<meta property=\"og:site_name\" content=\"VAL DE LYS AVOCATS-COMINES-\" \/>\n<meta property=\"article:modified_time\" content=\"2024-02-06T09:37:06+00:00\" \/>\n<meta property=\"og:image\" content=\"https:\/\/valdelysavocats.com\/wp-content\/uploads\/2024\/01\/jeune-donner-argent-femme-sourire-gris-mur-1024x683.jpg\" \/>\n<meta name=\"twitter:card\" content=\"summary_large_image\" \/>\n<meta name=\"twitter:label1\" content=\"Dur\u00e9e de lecture estim\u00e9e\" \/>\n\t<meta name=\"twitter:data1\" content=\"1 minute\" \/>\n<script type=\"application\/ld+json\" class=\"yoast-schema-graph\">{\"@context\":\"https:\/\/schema.org\",\"@graph\":[{\"@type\":\"WebPage\",\"@id\":\"https:\/\/valdelysavocats.com\/index.php\/la-prestation-compensatoire\/\",\"url\":\"https:\/\/valdelysavocats.com\/index.php\/la-prestation-compensatoire\/\",\"name\":\"La prestation compensatoire - VAL DE LYS AVOCATS-COMINES-\",\"isPartOf\":{\"@id\":\"https:\/\/valdelysavocats.com\/#website\"},\"primaryImageOfPage\":{\"@id\":\"https:\/\/valdelysavocats.com\/index.php\/la-prestation-compensatoire\/#primaryimage\"},\"image\":{\"@id\":\"https:\/\/valdelysavocats.com\/index.php\/la-prestation-compensatoire\/#primaryimage\"},\"thumbnailUrl\":\"https:\/\/valdelysavocats.com\/wp-content\/uploads\/2024\/01\/jeune-donner-argent-femme-sourire-gris-mur-1024x683.jpg\",\"datePublished\":\"2024-01-28T20:37:06+00:00\",\"dateModified\":\"2024-02-06T09:37:06+00:00\",\"breadcrumb\":{\"@id\":\"https:\/\/valdelysavocats.com\/index.php\/la-prestation-compensatoire\/#breadcrumb\"},\"inLanguage\":\"fr-FR\",\"potentialAction\":[{\"@type\":\"ReadAction\",\"target\":[\"https:\/\/valdelysavocats.com\/index.php\/la-prestation-compensatoire\/\"]}]},{\"@type\":\"ImageObject\",\"inLanguage\":\"fr-FR\",\"@id\":\"https:\/\/valdelysavocats.com\/index.php\/la-prestation-compensatoire\/#primaryimage\",\"url\":\"https:\/\/valdelysavocats.com\/wp-content\/uploads\/2024\/01\/jeune-donner-argent-femme-sourire-gris-mur-scaled.jpg\",\"contentUrl\":\"https:\/\/valdelysavocats.com\/wp-content\/uploads\/2024\/01\/jeune-donner-argent-femme-sourire-gris-mur-scaled.jpg\",\"width\":2560,\"height\":1707,\"caption\":\"Young handsome man giving money to woman, smiling over grey background. Copy space.\"},{\"@type\":\"BreadcrumbList\",\"@id\":\"https:\/\/valdelysavocats.com\/index.php\/la-prestation-compensatoire\/#breadcrumb\",\"itemListElement\":[{\"@type\":\"ListItem\",\"position\":1,\"name\":\"Accueil\",\"item\":\"https:\/\/valdelysavocats.com\/\"},{\"@type\":\"ListItem\",\"position\":2,\"name\":\"La prestation compensatoire\"}]},{\"@type\":\"WebSite\",\"@id\":\"https:\/\/valdelysavocats.com\/#website\",\"url\":\"https:\/\/valdelysavocats.com\/\",\"name\":\"VAL DE LYS AVOCATS-COMINES-\",\"description\":\"Avocats Divorce Droit Administratif Droit du Travail Droit immobilier Droit des Victimes\",\"publisher\":{\"@id\":\"https:\/\/valdelysavocats.com\/#organization\"},\"potentialAction\":[{\"@type\":\"SearchAction\",\"target\":{\"@type\":\"EntryPoint\",\"urlTemplate\":\"https:\/\/valdelysavocats.com\/?s={search_term_string}\"},\"query-input\":{\"@type\":\"PropertyValueSpecification\",\"valueRequired\":true,\"valueName\":\"search_term_string\"}}],\"inLanguage\":\"fr-FR\"},{\"@type\":\"Organization\",\"@id\":\"https:\/\/valdelysavocats.com\/#organization\",\"name\":\"VAL DE LYS AVOCATS-COMINES-\",\"url\":\"https:\/\/valdelysavocats.com\/\",\"logo\":{\"@type\":\"ImageObject\",\"inLanguage\":\"fr-FR\",\"@id\":\"https:\/\/valdelysavocats.com\/#\/schema\/logo\/image\/\",\"url\":\"https:\/\/valdelysavocats.com\/wp-content\/uploads\/2023\/12\/cropped-cropped-cropped-logo-1-1.png\",\"contentUrl\":\"https:\/\/valdelysavocats.com\/wp-content\/uploads\/2023\/12\/cropped-cropped-cropped-logo-1-1.png\",\"width\":415,\"height\":417,\"caption\":\"VAL DE LYS AVOCATS-COMINES-\"},\"image\":{\"@id\":\"https:\/\/valdelysavocats.com\/#\/schema\/logo\/image\/\"}}]}<\/script>\n<!-- \/ Yoast SEO plugin. -->","yoast_head_json":{"title":"La prestation compensatoire - VAL DE LYS AVOCATS-COMINES-","robots":{"index":"index","follow":"follow","max-snippet":"max-snippet:-1","max-image-preview":"max-image-preview:large","max-video-preview":"max-video-preview:-1"},"canonical":"https:\/\/valdelysavocats.com\/index.php\/la-prestation-compensatoire\/","og_locale":"fr_FR","og_type":"article","og_title":"La prestation compensatoire - VAL DE LYS AVOCATS-COMINES-","og_description":"La prestation compensatoire Le divorce peut cr\u00e9er pour un des \u00e9poux un changement important de son niveau de vie . La prestation&nbsp; compensatoire correspond au versement d&rsquo;une somme&nbsp; dont l&rsquo;objectif&nbsp; est de compenser cette situation.&nbsp; Son montant est fix\u00e9 en fonction des besoins de l&rsquo;\u00e9poux \u00e0 qui&nbsp; elle est vers\u00e9e et des ressources de l&rsquo;autre. [&hellip;]","og_url":"https:\/\/valdelysavocats.com\/index.php\/la-prestation-compensatoire\/","og_site_name":"VAL DE LYS AVOCATS-COMINES-","article_modified_time":"2024-02-06T09:37:06+00:00","og_image":[{"url":"https:\/\/valdelysavocats.com\/wp-content\/uploads\/2024\/01\/jeune-donner-argent-femme-sourire-gris-mur-1024x683.jpg","type":"","width":"","height":""}],"twitter_card":"summary_large_image","twitter_misc":{"Dur\u00e9e de lecture estim\u00e9e":"1 minute"},"schema":{"@context":"https:\/\/schema.org","@graph":[{"@type":"WebPage","@id":"https:\/\/valdelysavocats.com\/index.php\/la-prestation-compensatoire\/","url":"https:\/\/valdelysavocats.com\/index.php\/la-prestation-compensatoire\/","name":"La prestation compensatoire - VAL DE LYS AVOCATS-COMINES-","isPartOf":{"@id":"https:\/\/valdelysavocats.com\/#website"},"primaryImageOfPage":{"@id":"https:\/\/valdelysavocats.com\/index.php\/la-prestation-compensatoire\/#primaryimage"},"image":{"@id":"https:\/\/valdelysavocats.com\/index.php\/la-prestation-compensatoire\/#primaryimage"},"thumbnailUrl":"https:\/\/valdelysavocats.com\/wp-content\/uploads\/2024\/01\/jeune-donner-argent-femme-sourire-gris-mur-1024x683.jpg","datePublished":"2024-01-28T20:37:06+00:00","dateModified":"2024-02-06T09:37:06+00:00","breadcrumb":{"@id":"https:\/\/valdelysavocats.com\/index.php\/la-prestation-compensatoire\/#breadcrumb"},"inLanguage":"fr-FR","potentialAction":[{"@type":"ReadAction","target":["https:\/\/valdelysavocats.com\/index.php\/la-prestation-compensatoire\/"]}]},{"@type":"ImageObject","inLanguage":"fr-FR","@id":"https:\/\/valdelysavocats.com\/index.php\/la-prestation-compensatoire\/#primaryimage","url":"https:\/\/valdelysavocats.com\/wp-content\/uploads\/2024\/01\/jeune-donner-argent-femme-sourire-gris-mur-scaled.jpg","contentUrl":"https:\/\/valdelysavocats.com\/wp-content\/uploads\/2024\/01\/jeune-donner-argent-femme-sourire-gris-mur-scaled.jpg","width":2560,"height":1707,"caption":"Young handsome man giving money to woman, smiling over grey background. Copy space."},{"@type":"BreadcrumbList","@id":"https:\/\/valdelysavocats.com\/index.php\/la-prestation-compensatoire\/#breadcrumb","itemListElement":[{"@type":"ListItem","position":1,"name":"Accueil","item":"https:\/\/valdelysavocats.com\/"},{"@type":"ListItem","position":2,"name":"La prestation compensatoire"}]},{"@type":"WebSite","@id":"https:\/\/valdelysavocats.com\/#website","url":"https:\/\/valdelysavocats.com\/","name":"VAL DE LYS AVOCATS-COMINES-","description":"Avocats Divorce Droit Administratif Droit du Travail Droit immobilier Droit des Victimes","publisher":{"@id":"https:\/\/valdelysavocats.com\/#organization"},"potentialAction":[{"@type":"SearchAction","target":{"@type":"EntryPoint","urlTemplate":"https:\/\/valdelysavocats.com\/?s={search_term_string}"},"query-input":{"@type":"PropertyValueSpecification","valueRequired":true,"valueName":"search_term_string"}}],"inLanguage":"fr-FR"},{"@type":"Organization","@id":"https:\/\/valdelysavocats.com\/#organization","name":"VAL DE LYS AVOCATS-COMINES-","url":"https:\/\/valdelysavocats.com\/","logo":{"@type":"ImageObject","inLanguage":"fr-FR","@id":"https:\/\/valdelysavocats.com\/#\/schema\/logo\/image\/","url":"https:\/\/valdelysavocats.com\/wp-content\/uploads\/2023\/12\/cropped-cropped-cropped-logo-1-1.png","contentUrl":"https:\/\/valdelysavocats.com\/wp-content\/uploads\/2023\/12\/cropped-cropped-cropped-logo-1-1.png","width":415,"height":417,"caption":"VAL DE LYS AVOCATS-COMINES-"},"image":{"@id":"https:\/\/valdelysavocats.com\/#\/schema\/logo\/image\/"}}]}},"_links":{"self":[{"href":"https:\/\/valdelysavocats.com\/index.php\/wp-json\/wp\/v2\/pages\/2229","targetHints":{"allow":["GET"]}}],"collection":[{"href":"https:\/\/valdelysavocats.com\/index.php\/wp-json\/wp\/v2\/pages"}],"about":[{"href":"https:\/\/valdelysavocats.com\/index.php\/wp-json\/wp\/v2\/types\/page"}],"author":[{"embeddable":true,"href":"https:\/\/valdelysavocats.com\/index.php\/wp-json\/wp\/v2\/users\/1"}],"replies":[{"embeddable":true,"href":"https:\/\/valdelysavocats.com\/index.php\/wp-json\/wp\/v2\/comments?post=2229"}],"version-history":[{"count":7,"href":"https:\/\/valdelysavocats.com\/index.php\/wp-json\/wp\/v2\/pages\/2229\/revisions"}],"predecessor-version":[{"id":2525,"href":"https:\/\/valdelysavocats.com\/index.php\/wp-json\/wp\/v2\/pages\/2229\/revisions\/2525"}],"wp:attachment":[{"href":"https:\/\/valdelysavocats.com\/index.php\/wp-json\/wp\/v2\/media?parent=2229"}],"curies":[{"name":"wp","href":"https:\/\/api.w.org\/{rel}","templated":true}]}}